{"id":667,"date":"2024-03-19T17:32:07","date_gmt":"2024-03-19T17:32:07","guid":{"rendered":"https:\/\/oxnchile.cl\/?page_id=667"},"modified":"2024-05-22T04:58:17","modified_gmt":"2024-05-22T04:58:17","slug":"medios-de-pago","status":"publish","type":"page","link":"https:\/\/oxnchile.cl\/index.php\/medios-de-pago\/","title":{"rendered":"Medios de Pago"},"content":{"rendered":"\t\t<div data-elementor-type=\"wp-page\" data-elementor-id=\"667\" class=\"elementor elementor-667\" data-elementor-post-type=\"page\">\n\t\t\t\t\t\t<section class=\"elementor-section elementor-top-section elementor-element elementor-element-fa04c15 elementor-section-boxed elementor-section-height-default elementor-section-height-default\" data-id=\"fa04c15\" data-element_type=\"section\" data-e-type=\"section\">\n\t\t\t\t\t\t<div class=\"elementor-container elementor-column-gap-default\">\n\t\t\t\t\t<div class=\"elementor-column elementor-col-100 elementor-top-column elementor-element elementor-element-ae0c9a2\" data-id=\"ae0c9a2\" data-element_type=\"column\" data-e-type=\"column\">\n\t\t\t<div class=\"elementor-column-wrap--ae0c9a2 elementor-widget-wrap elementor-element-populated\">\n\t\t\t\t\t\t<div class=\"elementor-element elementor-element-e8af777 elementor-widget elementor-widget-reycore-breadcrumbs\" data-id=\"e8af777\" data-element_type=\"widget\" data-e-type=\"widget\" data-widget_type=\"reycore-breadcrumbs.default\">\n\t\t\t\t<div class=\"elementor-widget-container\">\n\t\t\t\t\t\n\t\t<div class=\"rey-element reyEl-breadcrumbs\">\n\n\t\t\t<nav class=\"rey-breadcrumbs\"><div class=\"rey-breadcrumbs-item\">SERVICIOS AL CLIENTE<\/div><\/nav>\t\t<\/div>\n\t\t<!-- .reyEl-breadcrumbs -->\n\t\t\t\t\t\t<\/div>\n\t\t\t\t<\/div>\n\t\t\t\t<div class=\"elementor-element elementor-element-bedc40e elementor-widget elementor-widget-text-editor\" data-id=\"bedc40e\" data-element_type=\"widget\" data-e-type=\"widget\" data-widget_type=\"text-editor.default\">\n\t\t\t\t<div class=\"elementor-widget-container\">\n\t\t\t\t\t\t\t\t\t<p><strong><span lang=\"ES-CL\">Mercado Pago<\/span><\/strong><\/p><p><span lang=\"ES-CL\">Puedes pagar usando tu cuenta de Mercado Pago para comprar en nuestra web.<\/span><\/p><p><strong><span lang=\"ES-CL\">WebPay. Tarjetas de cr\u00e9dito y d\u00e9bito (Redcompra)<\/span><\/strong><\/p><p><span lang=\"ES-CL\">Aceptamos pagos con tarjetas de cr\u00e9dito (Visa, MasterCard, Magna, American Express y Diners Club) y tarjetas de d\u00e9bito (Redcompra). Las tarjetas deben ser emitidas por un banco chileno y el pago se gestiona en un servidor seguro gracias al portal de pagos Webpay Plus de Transbank.<\/span><\/p>\t\t\t\t\t\t\t\t<\/div>\n\t\t\t\t<\/div>\n\t\t\t\t\t<\/div>\n\t\t<\/div>\n\t\t\t\t\t<\/div>\n\t\t<\/section>\n\t\t\t\t<section class=\"elementor-section elementor-top-section elementor-element elementor-element-dd936c0 rey-section-stretched elementor-section-full_width elementor-section-height-default elementor-section-height-default\" data-id=\"dd936c0\" data-element_type=\"section\" data-e-type=\"section\">\n\t\t\t\t\t\t<div class=\"elementor-container elementor-column-gap-default\">\n\t\t\t\t\t<div class=\"elementor-column elementor-col-100 elementor-top-column elementor-element elementor-element-68acb6f\" data-id=\"68acb6f\" data-element_type=\"column\" data-e-type=\"column\">\n\t\t\t<div class=\"elementor-column-wrap--68acb6f elementor-widget-wrap elementor-element-populated\">\n\t\t\t\t\t\t<section class=\"elementor-section elementor-inner-section elementor-element elementor-element-3b82971 elementor-section-full_width elementor-section-height-min-height rey-section-bg--classic elementor-section-height-default\" data-id=\"3b82971\" data-element_type=\"section\" data-e-type=\"section\" data-settings=\"{&quot;background_background&quot;:&quot;classic&quot;}\">\n\t\t\t\t\t\t<div class=\"elementor-container elementor-column-gap-default\">\n\t\t\t\t\t<div class=\"elementor-column elementor-col-100 elementor-inner-column elementor-element elementor-element-109aee8\" data-id=\"109aee8\" data-element_type=\"column\" data-e-type=\"column\">\n\t\t\t<div class=\"elementor-column-wrap--109aee8 elementor-widget-wrap\">\n\t\t\t\t\t\t\t<\/div>\n\t\t<\/div>\n\t\t\t\t\t<\/div>\n\t\t<\/section>\n\t\t\t\t\t<\/div>\n\t\t<\/div>\n\t\t\t\t\t<\/div>\n\t\t<\/section>\n\t\t\t\t<\/div>\n\t\t","protected":false},"excerpt":{"rendered":"<p>SERVICIOS AL CLIENTE Mercado Pago Puedes pagar usando tu cuenta de Mercado Pago para comprar en nuestra web. WebPay. Tarjetas de cr\u00e9dito y d\u00e9bito (Redcompra) Aceptamos pagos con tarjetas de cr\u00e9dito (Visa, MasterCard, Magna, American Express y Diners Club) y tarjetas de d\u00e9bito (Redcompra). Las tarjetas deben ser emitidas por un banco chileno y el [&hellip;]<\/p>\n","protected":false},"author":15,"featured_media":0,"parent":0,"menu_order":0,"comment_status":"closed","ping_status":"closed","template":"","meta":{"_acf_changed":false,"footnotes":""},"class_list":["post-667","page","type-page","status-publish","hentry"],"acf":[],"_links":{"self":[{"href":"https:\/\/oxnchile.cl\/index.php\/wp-json\/wp\/v2\/pages\/667","targetHints":{"allow":["GET"]}}],"collection":[{"href":"https:\/\/oxnchile.cl\/index.php\/wp-json\/wp\/v2\/pages"}],"about":[{"href":"https:\/\/oxnchile.cl\/index.php\/wp-json\/wp\/v2\/types\/page"}],"author":[{"embeddable":true,"href":"https:\/\/oxnchile.cl\/index.php\/wp-json\/wp\/v2\/users\/15"}],"replies":[{"embeddable":true,"href":"https:\/\/oxnchile.cl\/index.php\/wp-json\/wp\/v2\/comments?post=667"}],"version-history":[{"count":14,"href":"https:\/\/oxnchile.cl\/index.php\/wp-json\/wp\/v2\/pages\/667\/revisions"}],"predecessor-version":[{"id":4231,"href":"https:\/\/oxnchile.cl\/index.php\/wp-json\/wp\/v2\/pages\/667\/revisions\/4231"}],"wp:attachment":[{"href":"https:\/\/oxnchile.cl\/index.php\/wp-json\/wp\/v2\/media?parent=667"}],"curies":[{"name":"wp","href":"https:\/\/api.w.org\/{rel}","templated":true}]}}