{"id":679,"date":"2024-03-19T17:48:20","date_gmt":"2024-03-19T17:48:20","guid":{"rendered":"https:\/\/oxnchile.cl\/?page_id=679"},"modified":"2024-05-25T01:33:23","modified_gmt":"2024-05-25T01:33:23","slug":"tallas","status":"publish","type":"page","link":"https:\/\/oxnchile.cl\/index.php\/tallas\/","title":{"rendered":"Tallas"},"content":{"rendered":"\t\t<div data-elementor-type=\"wp-page\" data-elementor-id=\"679\" class=\"elementor elementor-679\" data-elementor-post-type=\"page\">\n\t\t\t\t\t\t<section class=\"elementor-section elementor-top-section elementor-element elementor-element-2822ae1 elementor-section-boxed elementor-section-height-default elementor-section-height-default\" data-id=\"2822ae1\" data-element_type=\"section\" data-e-type=\"section\">\n\t\t\t\t\t\t<div class=\"elementor-container elementor-column-gap-default\">\n\t\t\t\t\t<div class=\"elementor-column elementor-col-100 elementor-top-column elementor-element elementor-element-3558ef3\" data-id=\"3558ef3\" data-element_type=\"column\" data-e-type=\"column\">\n\t\t\t<div class=\"elementor-column-wrap--3558ef3 elementor-widget-wrap elementor-element-populated\">\n\t\t\t\t\t\t<div class=\"elementor-element elementor-element-79f714c elementor-widget elementor-widget-reycore-breadcrumbs\" data-id=\"79f714c\" data-element_type=\"widget\" data-e-type=\"widget\" data-widget_type=\"reycore-breadcrumbs.default\">\n\t\t\t\t<div class=\"elementor-widget-container\">\n\t\t\t\t\t\n\t\t<div class=\"rey-element reyEl-breadcrumbs\">\n\n\t\t\t<nav class=\"rey-breadcrumbs\"><div class=\"rey-breadcrumbs-item\">SERVICIOS AL CLIENTE<\/div><\/nav>\t\t<\/div>\n\t\t<!-- .reyEl-breadcrumbs -->\n\t\t\t\t\t\t<\/div>\n\t\t\t\t<\/div>\n\t\t\t\t\t<\/div>\n\t\t<\/div>\n\t\t\t\t\t<\/div>\n\t\t<\/section>\n\t\t\t\t<section class=\"elementor-section elementor-top-section elementor-element elementor-element-bbb30a8 elementor-section-boxed elementor-section-height-default elementor-section-height-default\" data-id=\"bbb30a8\" data-element_type=\"section\" data-e-type=\"section\">\n\t\t\t\t\t\t<div class=\"elementor-container elementor-column-gap-default\">\n\t\t\t\t\t<div class=\"elementor-column elementor-col-50 elementor-top-column elementor-element elementor-element-d2cb9e4 rey-colbg--classic\" data-id=\"d2cb9e4\" data-element_type=\"column\" data-e-type=\"column\" data-settings=\"{&quot;background_background&quot;:&quot;classic&quot;}\">\n\t\t\t<div class=\"elementor-column-wrap--d2cb9e4 elementor-widget-wrap elementor-element-populated\">\n\t\t\t\t\t\t<div class=\"elementor-element elementor-element-7a6106b elementor-widget elementor-widget-heading\" data-id=\"7a6106b\" data-element_type=\"widget\" data-e-type=\"widget\" data-widget_type=\"heading.default\">\n\t\t\t\t<div class=\"elementor-widget-container\">\n\t\t\t\t\t<h2 class=\"elementor-heading-title elementor-size-default\">\u00bfC\u00d3MO MEDIR TU PIE?<\/h2>\t\t\t\t<\/div>\n\t\t\t\t<\/div>\n\t\t\t\t<div class=\"elementor-element elementor-element-eee7e22 elementor-widget elementor-widget-image\" data-id=\"eee7e22\" data-element_type=\"widget\" data-e-type=\"widget\" data-widget_type=\"image.default\">\n\t\t\t\t<div class=\"elementor-widget-container\">\n\t\t\t\t\t\t\t\t\t\t\t\t\t\t\t<img fetchpriority=\"high\" decoding=\"async\" width=\"1024\" height=\"576\" src=\"https:\/\/oxnchile.cl\/wp-content\/uploads\/2024\/03\/MEDIR-PIE_Mesa-de-trabajo-1-1024x576.png\" class=\"attachment-large size-large wp-image-2993\" alt=\"\" srcset=\"https:\/\/oxnchile.cl\/wp-content\/uploads\/2024\/03\/MEDIR-PIE_Mesa-de-trabajo-1-1024x576.png 1024w, https:\/\/oxnchile.cl\/wp-content\/uploads\/2024\/03\/MEDIR-PIE_Mesa-de-trabajo-1-300x169.png 300w, https:\/\/oxnchile.cl\/wp-content\/uploads\/2024\/03\/MEDIR-PIE_Mesa-de-trabajo-1-768x432.png 768w, https:\/\/oxnchile.cl\/wp-content\/uploads\/2024\/03\/MEDIR-PIE_Mesa-de-trabajo-1-1536x864.png 1536w, https:\/\/oxnchile.cl\/wp-content\/uploads\/2024\/03\/MEDIR-PIE_Mesa-de-trabajo-1-2048x1152.png 2048w, https:\/\/oxnchile.cl\/wp-content\/uploads\/2024\/03\/MEDIR-PIE_Mesa-de-trabajo-1-800x450.png 800w\" sizes=\"(max-width: 1024px) 100vw, 1024px\" \/>\t\t\t\t\t\t\t\t\t\t\t\t\t\t\t<\/div>\n\t\t\t\t<\/div>\n\t\t\t\t<div class=\"elementor-element elementor-element-7a00bfe elementor-widget elementor-widget-text-editor\" data-id=\"7a00bfe\" data-element_type=\"widget\" data-e-type=\"widget\" data-widget_type=\"text-editor.default\">\n\t\t\t\t<div class=\"elementor-widget-container\">\n\t\t\t\t\t\t\t\t\t<p style=\"text-align: left;\">Marca desde donde llega tu dedo m\u00e1s largo hasta el tal\u00f3n. Luego mide distancia y encontrar\u00e1s tu talla de forma precisa.<\/p>\t\t\t\t\t\t\t\t<\/div>\n\t\t\t\t<\/div>\n\t\t\t\t\t<\/div>\n\t\t<\/div>\n\t\t\t\t<div class=\"elementor-column elementor-col-50 elementor-top-column elementor-element elementor-element-51e644a\" data-id=\"51e644a\" data-element_type=\"column\" data-e-type=\"column\">\n\t\t\t<div class=\"elementor-column-wrap--51e644a elementor-widget-wrap elementor-element-populated\">\n\t\t\t\t\t\t<div class=\"elementor-element elementor-element-59a58f6 elementor-widget elementor-widget-image\" data-id=\"59a58f6\" data-element_type=\"widget\" data-e-type=\"widget\" data-widget_type=\"image.default\">\n\t\t\t\t<div class=\"elementor-widget-container\">\n\t\t\t\t\t\t\t\t\t\t\t\t\t\t\t<img decoding=\"async\" width=\"1024\" height=\"435\" src=\"https:\/\/oxnchile.cl\/wp-content\/uploads\/2024\/03\/TABLA-DE-TALLAS-OXN-1024x435.webp\" class=\"attachment-large size-large wp-image-625\" alt=\"\" srcset=\"https:\/\/oxnchile.cl\/wp-content\/uploads\/2024\/03\/TABLA-DE-TALLAS-OXN-1024x435.webp 1024w, https:\/\/oxnchile.cl\/wp-content\/uploads\/2024\/03\/TABLA-DE-TALLAS-OXN-800x340.webp 800w, https:\/\/oxnchile.cl\/wp-content\/uploads\/2024\/03\/TABLA-DE-TALLAS-OXN-300x127.webp 300w, https:\/\/oxnchile.cl\/wp-content\/uploads\/2024\/03\/TABLA-DE-TALLAS-OXN-768x326.webp 768w, https:\/\/oxnchile.cl\/wp-content\/uploads\/2024\/03\/TABLA-DE-TALLAS-OXN-1536x652.webp 1536w, https:\/\/oxnchile.cl\/wp-content\/uploads\/2024\/03\/TABLA-DE-TALLAS-OXN-2048x869.webp 2048w\" sizes=\"(max-width: 1024px) 100vw, 1024px\" \/>\t\t\t\t\t\t\t\t\t\t\t\t\t\t\t<\/div>\n\t\t\t\t<\/div>\n\t\t\t\t\t<\/div>\n\t\t<\/div>\n\t\t\t\t\t<\/div>\n\t\t<\/section>\n\t\t\t\t<section class=\"elementor-section elementor-top-section elementor-element elementor-element-d0821d6 rey-section-stretched elementor-section-full_width elementor-section-height-default elementor-section-height-default\" data-id=\"d0821d6\" data-element_type=\"section\" data-e-type=\"section\">\n\t\t\t\t\t\t<div class=\"elementor-container elementor-column-gap-default\">\n\t\t\t\t\t<div class=\"elementor-column elementor-col-100 elementor-top-column elementor-element elementor-element-34df085\" data-id=\"34df085\" data-element_type=\"column\" data-e-type=\"column\">\n\t\t\t<div class=\"elementor-column-wrap--34df085 elementor-widget-wrap elementor-element-populated\">\n\t\t\t\t\t\t<section class=\"elementor-section elementor-inner-section elementor-element elementor-element-0b7041d elementor-section-full_width elementor-section-height-min-height rey-section-bg--classic elementor-section-height-default\" data-id=\"0b7041d\" data-element_type=\"section\" data-e-type=\"section\" data-settings=\"{&quot;background_background&quot;:&quot;classic&quot;}\">\n\t\t\t\t\t\t<div class=\"elementor-container elementor-column-gap-default\">\n\t\t\t\t\t<div class=\"elementor-column elementor-col-100 elementor-inner-column elementor-element elementor-element-a019713\" data-id=\"a019713\" data-element_type=\"column\" data-e-type=\"column\">\n\t\t\t<div class=\"elementor-column-wrap--a019713 elementor-widget-wrap\">\n\t\t\t\t\t\t\t<\/div>\n\t\t<\/div>\n\t\t\t\t\t<\/div>\n\t\t<\/section>\n\t\t\t\t\t<\/div>\n\t\t<\/div>\n\t\t\t\t\t<\/div>\n\t\t<\/section>\n\t\t\t\t<\/div>\n\t\t","protected":false},"excerpt":{"rendered":"<p>SERVICIOS AL CLIENTE \u00bfC\u00d3MO MEDIR TU PIE? Marca desde donde llega tu dedo m\u00e1s largo hasta el tal\u00f3n. Luego mide distancia y encontrar\u00e1s tu talla de forma precisa.<\/p>\n","protected":false},"author":15,"featured_media":0,"parent":0,"menu_order":0,"comment_status":"closed","ping_status":"closed","template":"","meta":{"_acf_changed":false,"footnotes":""},"class_list":["post-679","page","type-page","status-publish","hentry"],"acf":[],"_links":{"self":[{"href":"https:\/\/oxnchile.cl\/index.php\/wp-json\/wp\/v2\/pages\/679","targetHints":{"allow":["GET"]}}],"collection":[{"href":"https:\/\/oxnchile.cl\/index.php\/wp-json\/wp\/v2\/pages"}],"about":[{"href":"https:\/\/oxnchile.cl\/index.php\/wp-json\/wp\/v2\/types\/page"}],"author":[{"embeddable":true,"href":"https:\/\/oxnchile.cl\/index.php\/wp-json\/wp\/v2\/users\/15"}],"replies":[{"embeddable":true,"href":"https:\/\/oxnchile.cl\/index.php\/wp-json\/wp\/v2\/comments?post=679"}],"version-history":[{"count":56,"href":"https:\/\/oxnchile.cl\/index.php\/wp-json\/wp\/v2\/pages\/679\/revisions"}],"predecessor-version":[{"id":4346,"href":"https:\/\/oxnchile.cl\/index.php\/wp-json\/wp\/v2\/pages\/679\/revisions\/4346"}],"wp:attachment":[{"href":"https:\/\/oxnchile.cl\/index.php\/wp-json\/wp\/v2\/media?parent=679"}],"curies":[{"name":"wp","href":"https:\/\/api.w.org\/{rel}","templated":true}]}}