{"id":2017,"date":"2024-03-20T11:17:30","date_gmt":"2024-03-20T14:17:30","guid":{"rendered":"https:\/\/oxnchile.cl\/?post_type=product&#038;p=2017"},"modified":"2026-04-14T23:44:44","modified_gmt":"2026-04-15T03:44:44","slug":"zapatos-de-futbol-mundialli-3","status":"publish","type":"product","link":"https:\/\/oxnchile.cl\/index.php\/producto\/zapatos-de-futbol-mundialli-3\/","title":{"rendered":"ZAPATOS DE FUTBOL MUNDIALLI 3"},"content":{"rendered":"<p>ZAPATOS DE FUTBOL MUNDIALLI 3 ADULTO<\/p>\n","protected":false},"excerpt":{"rendered":"<p><span style=\"font-family: Lato, Arial, sans-serif;font-size: 14px;font-style: normal;font-weight: 400;letter-spacing: normal;text-align: start;text-indent: 0px;text-transform: none;white-space: normal;display: inline !important;float: none\">Intensifica tu rendimiento con los zapatos de f\u00fatbol&nbsp;<\/span><b style=\"font-weight: 700;font-family: Lato, Arial, sans-serif;font-size: 14px;font-style: normal;letter-spacing: normal;text-align: start;text-indent: 0px;text-transform: none;white-space: normal\">Mundialli 3<\/b><span style=\"font-family: Lato, Arial, sans-serif;font-size: 14px;font-style: normal;font-weight: 400;letter-spacing: normal;text-align: start;text-indent: 0px;text-transform: none;white-space: normal;display: inline !important;float: none\">, para jugadores que buscan agilidad, velocidad y sensibilidad m\u00e1xima para mejor contacto con el bal\u00f3n. Su parte superior sint\u00e9tica, presenta costuras envolventes con acolchado y una suela de PVC con toperoles largos y fijos que garantizan m\u00e1xima tracci\u00f3n, estabilidad y movimientos multidireccionales.<\/span><br style=\"font-family: Lato, Arial, sans-serif;font-size: 14px;font-style: normal;font-weight: 400;letter-spacing: normal;text-align: start;text-indent: 0px;text-transform: none;white-space: normal\"><br style=\"font-family: Lato, Arial, sans-serif;font-size: 14px;font-style: normal;font-weight: 400;letter-spacing: normal;text-align: start;text-indent: 0px;text-transform: none;white-space: normal\"><br style=\"font-family: Lato, Arial, sans-serif;font-size: 14px;font-style: normal;font-weight: 400;letter-spacing: normal;text-align: start;text-indent: 0px;text-transform: none;white-space: normal\"><b style=\"font-weight: 700;font-family: Lato, Arial, sans-serif;font-size: 14px;font-style: normal;letter-spacing: normal;text-align: start;text-indent: 0px;text-transform: none;white-space: normal\">Informaci\u00f3n T\u00e9cnica:<br \/><\/b><span style=\"font-family: Lato, Arial, sans-serif;font-size: 14px;font-style: normal;font-weight: 400;letter-spacing: normal;text-align: start;text-indent: 0px;text-transform: none;white-space: normal;display: inline !important;float: none\">\u2022Capellada: PU, acolchado con costuras<\/span><br style=\"font-family: Lato, Arial, sans-serif;font-size: 14px;font-style: normal;font-weight: 400;letter-spacing: normal;text-align: start;text-indent: 0px;text-transform: none;white-space: normal\"><span style=\"font-family: Lato, Arial, sans-serif;font-size: 14px;font-style: normal;font-weight: 400;letter-spacing: normal;text-align: start;text-indent: 0px;text-transform: none;white-space: normal;display: inline !important;float: none\">\u2022Plantilla: En EVA y extra\u00edble<\/span><br style=\"font-family: Lato, Arial, sans-serif;font-size: 14px;font-style: normal;font-weight: 400;letter-spacing: normal;text-align: start;text-indent: 0px;text-transform: none;white-space: normal\"><span style=\"font-family: Lato, Arial, sans-serif;font-size: 14px;font-style: normal;font-weight: 400;letter-spacing: normal;text-align: start;text-indent: 0px;text-transform: none;white-space: normal;display: inline !important;float: none\">\u2022Forro: Material textil transpirable 100% poli\u00e9ster<\/span><br style=\"font-family: Lato, Arial, sans-serif;font-size: 14px;font-style: normal;font-weight: 400;letter-spacing: normal;text-align: start;text-indent: 0px;text-transform: none;white-space: normal\"><span style=\"font-family: Lato, Arial, sans-serif;font-size: 14px;font-style: normal;font-weight: 400;letter-spacing: normal;text-align: start;text-indent: 0px;text-transform: none;white-space: normal;display: inline !important;float: none\">\u2022Suela: PVC con toperoles fijos<\/span><br style=\"font-family: Lato, Arial, sans-serif;font-size: 14px;font-style: normal;font-weight: 400;letter-spacing: normal;text-align: start;text-indent: 0px;text-transform: none;white-space: normal\"><span style=\"font-family: Lato, Arial, sans-serif;font-size: 14px;font-style: normal;font-weight: 400;letter-spacing: normal;text-align: start;text-indent: 0px;text-transform: none;white-space: normal;display: inline !important;float: none\">\u2022Origen: Brasil<\/span><br style=\"font-family: Lato, Arial, sans-serif;font-size: 14px;font-style: normal;font-weight: 400;letter-spacing: normal;text-align: start;text-indent: 0px;text-transform: none;white-space: normal\"><span style=\"font-family: Lato, Arial, sans-serif;font-size: 14px;font-style: normal;font-weight: 400;letter-spacing: normal;text-align: start;text-indent: 0px;text-transform: none;white-space: normal;display: inline !important;float: none\">\u2022Adecuado para: Todo tipo de terreno<\/span><!--EndFragment--><\/p>\n<p><\/p>\n","protected":false},"featured_media":8703,"template":"","meta":{"_acf_changed":false},"product_brand":[],"product_cat":[107,106,109],"product_tag":[],"class_list":{"0":"post-2017","1":"product","2":"type-product","3":"status-publish","4":"has-post-thumbnail","6":"product_cat-adulto","7":"product_cat-calzado","8":"product_cat-futbol","10":"first","11":"instock","12":"sale","13":"shipping-taxable","14":"purchasable","15":"product-type-variable","16":"has-default-attributes","swatches":"rey-swatches","show_selected":""},"acf":[],"_links":{"self":[{"href":"https:\/\/oxnchile.cl\/index.php\/wp-json\/wp\/v2\/product\/2017","targetHints":{"allow":["GET"]}}],"collection":[{"href":"https:\/\/oxnchile.cl\/index.php\/wp-json\/wp\/v2\/product"}],"about":[{"href":"https:\/\/oxnchile.cl\/index.php\/wp-json\/wp\/v2\/types\/product"}],"wp:featuredmedia":[{"embeddable":true,"href":"https:\/\/oxnchile.cl\/index.php\/wp-json\/wp\/v2\/media\/8703"}],"wp:attachment":[{"href":"https:\/\/oxnchile.cl\/index.php\/wp-json\/wp\/v2\/media?parent=2017"}],"wp:term":[{"taxonomy":"product_brand","embeddable":true,"href":"https:\/\/oxnchile.cl\/index.php\/wp-json\/wp\/v2\/product_brand?post=2017"},{"taxonomy":"product_cat","embeddable":true,"href":"https:\/\/oxnchile.cl\/index.php\/wp-json\/wp\/v2\/product_cat?post=2017"},{"taxonomy":"product_tag","embeddable":true,"href":"https:\/\/oxnchile.cl\/index.php\/wp-json\/wp\/v2\/product_tag?post=2017"}],"curies":[{"name":"wp","href":"https:\/\/api.w.org\/{rel}","templated":true}]}}