{"id":2034,"date":"2024-03-20T11:17:37","date_gmt":"2024-03-20T14:17:37","guid":{"rendered":"https:\/\/oxnchile.cl\/?post_type=product&#038;p=2034"},"modified":"2026-03-24T17:35:33","modified_gmt":"2026-03-24T20:35:33","slug":"zapato-de-futbol-spartak-4-neo","status":"publish","type":"product","link":"https:\/\/oxnchile.cl\/index.php\/producto\/zapato-de-futbol-spartak-4-neo\/","title":{"rendered":"ZAPATOS DE FUTBOL SPARTAK 4 NEO ADULTO"},"content":{"rendered":"<p>ZAPATOS DE FUTBOL SPARTAK 4 NEO ADULTO<\/p>\n","protected":false},"excerpt":{"rendered":"<p style=\"text-align: justify\">\n<p><span style=\"font-family: Lato, Arial, sans-serif;font-size: 14px;font-style: normal;font-weight: 400;letter-spacing: normal;text-align: start;text-indent: 0px;text-transform: none;white-space: normal;display: inline !important;float: none\">Con el zapato de f\u00fatbol OXN&nbsp;<\/span><span style=\"font-weight: 700\">Spartak 4 Neo<\/span>, los jugadores podr\u00e1n dominar el campo con velocidad y resistencia. Adem\u00e1s de su parte superior \u00fanica lisa con costuras para una extra resistencia a la fricci\u00f3n, tiene una leng\u00fceta integrada con un calcet\u00edn de neopreno y una suela de PVC con toperoles largos y fijos que garantizan m\u00e1xima tracci\u00f3n, estabilidad y movimientos multidireccionales.<\/p>\n<p><\/p>\n<p><b style=\"font-weight: 700;font-family: Lato, Arial, sans-serif;font-size: 14px;font-style: normal;letter-spacing: normal;text-align: start;text-indent: 0px;text-transform: none;white-space: normal\">Informaci\u00f3n T\u00e9cnica:<br \/><\/b><\/p>\n<p><span style=\"font-family: Lato, Arial, sans-serif;font-size: 14px;font-style: normal;font-weight: 400;letter-spacing: normal;text-align: start;text-indent: 0px;text-transform: none;white-space: normal;display: inline !important;float: none\">\u2022Capellada: PU con costuras<\/span><\/p>\n<p><span style=\"font-family: Lato, Arial, sans-serif;font-size: 14px;font-style: normal;font-weight: 400;letter-spacing: normal;text-align: start;text-indent: 0px;text-transform: none;white-space: normal;display: inline !important;float: none\">\u2022Plantilla: En EVA y extra\u00edble<\/span><\/p>\n<p><span style=\"font-family: Lato, Arial, sans-serif;font-size: 14px;font-style: normal;font-weight: 400;letter-spacing: normal;text-align: start;text-indent: 0px;text-transform: none;white-space: normal;display: inline !important;float: none\">\u2022Forro: Material textil transpirable<\/span><\/p>\n<p><span style=\"font-family: Lato, Arial, sans-serif;font-size: 14px;font-style: normal;font-weight: 400;letter-spacing: normal;text-align: start;text-indent: 0px;text-transform: none;white-space: normal;display: inline !important;float: none\">\u2022Leng\u00fceta: Neopreno integrada<\/span><\/p>\n<p><span style=\"font-family: Lato, Arial, sans-serif;font-size: 14px;font-style: normal;font-weight: 400;letter-spacing: normal;text-align: start;text-indent: 0px;text-transform: none;white-space: normal;display: inline !important;float: none\">\u2022Suela: PVC con toperoles fijos<\/span><\/p>\n<p><span style=\"font-family: Lato, Arial, sans-serif;font-size: 14px;font-style: normal;font-weight: 400;letter-spacing: normal;text-align: start;text-indent: 0px;text-transform: none;white-space: normal;display: inline !important;float: none\">\u2022Adecuado para: Todo tipo de terreno<\/span><\/p>\n<p><span style=\"font-family: Lato, Arial, sans-serif;font-size: 14px;font-style: normal;font-weight: 400;letter-spacing: normal;text-align: start;text-indent: 0px;text-transform: none;white-space: normal;display: inline !important;float: none\">\u2022Origen: Brasil<\/span><\/p>\n<p><span style=\"font-family: Lato, Arial, sans-serif;font-size: 14px;font-style: normal;font-weight: 400;letter-spacing: normal;text-align: start;text-indent: 0px;text-transform: none;white-space: normal;display: inline !important;float: none\">\u2022Adecuado para: Todo tipo de terreno<\/span><\/p>\n","protected":false},"featured_media":8707,"template":"","meta":{"_acf_changed":false},"product_brand":[],"product_cat":[107,106,109,218],"product_tag":[],"class_list":{"0":"post-2034","1":"product","2":"type-product","3":"status-publish","4":"has-post-thumbnail","6":"product_cat-adulto","7":"product_cat-calzado","8":"product_cat-futbol","9":"product_cat-sale","11":"first","12":"instock","13":"sale","14":"shipping-taxable","15":"purchasable","16":"product-type-variable","swatches":"rey-swatches","show_selected":""},"acf":[],"_links":{"self":[{"href":"https:\/\/oxnchile.cl\/index.php\/wp-json\/wp\/v2\/product\/2034","targetHints":{"allow":["GET"]}}],"collection":[{"href":"https:\/\/oxnchile.cl\/index.php\/wp-json\/wp\/v2\/product"}],"about":[{"href":"https:\/\/oxnchile.cl\/index.php\/wp-json\/wp\/v2\/types\/product"}],"wp:featuredmedia":[{"embeddable":true,"href":"https:\/\/oxnchile.cl\/index.php\/wp-json\/wp\/v2\/media\/8707"}],"wp:attachment":[{"href":"https:\/\/oxnchile.cl\/index.php\/wp-json\/wp\/v2\/media?parent=2034"}],"wp:term":[{"taxonomy":"product_brand","embeddable":true,"href":"https:\/\/oxnchile.cl\/index.php\/wp-json\/wp\/v2\/product_brand?post=2034"},{"taxonomy":"product_cat","embeddable":true,"href":"https:\/\/oxnchile.cl\/index.php\/wp-json\/wp\/v2\/product_cat?post=2034"},{"taxonomy":"product_tag","embeddable":true,"href":"https:\/\/oxnchile.cl\/index.php\/wp-json\/wp\/v2\/product_tag?post=2034"}],"curies":[{"name":"wp","href":"https:\/\/api.w.org\/{rel}","templated":true}]}}