{"id":2063,"date":"2024-03-20T11:17:45","date_gmt":"2024-03-20T14:17:45","guid":{"rendered":"https:\/\/oxnchile.cl\/?post_type=product&#038;p=2063"},"modified":"2026-03-24T17:08:32","modified_gmt":"2026-03-24T20:08:32","slug":"zapatos-de-futbol-mundialli-3-2","status":"publish","type":"product","link":"https:\/\/oxnchile.cl\/index.php\/producto\/zapatos-de-futbol-mundialli-3-2\/","title":{"rendered":"ZAPATOS DE FUTBOL MUNDIALLI 3"},"content":{"rendered":"<p>Intensifica tu rendimiento con los zapatos de f\u00fatbol Mundialli 3, para jugadores que buscan agilidad, velocidad y sensibilidad m\u00e1xima para mejor contacto con el bal\u00f3n. Su parte superior sint\u00e9tica, presenta costuras envolventes con acolchado y una suela de PVC con toperoles largos y fijos que garantizan m\u00e1xima tracci\u00f3n, estabilidad y movimientos multidireccionales.<\/p>\n<p>Informaci\u00f3n T\u00e9cnica:<br \/>\n\u2022Capellada: PU, acolchado con costuras<br \/>\n\u2022Plantilla: En EVA y extra\u00edble<br \/>\n\u2022Forro: Material textil transpirable 100% poli\u00e9ster<br \/>\n\u2022Suela: PVC con toperoles fijos<br \/>\n\u2022Origen: Brasil<br \/>\n\u2022Adecuado para: Todo tipo de terreno<\/p>\n","protected":false},"excerpt":{"rendered":"<\/p>\n<p style=\"text-align: justify\">\n<p>Intensifica tu rendimiento con los zapatos de f\u00fatbol&nbsp;<b>Mundialli 3<\/b>, para jugadores que buscan agilidad, velocidad y sensibilidad m\u00e1xima para mejor contacto con el bal\u00f3n. Su parte superior sint\u00e9tica, presenta costuras envolventes con acolchado y una suela de PVC con toperoles largos y fijos que garantizan m\u00e1xima tracci\u00f3n, estabilidad y movimientos multidireccionales.<\/p>\n<p><\/p>\n<p><b>Informaci\u00f3n T\u00e9cnica:<br \/><\/b><\/p>\n<p>\u2022Capellada: PU, acolchado con costuras<\/p>\n<p>\u2022Plantilla: En EVA y extra\u00edble<\/p>\n<p>\u2022Forro: Material textil transpirable 100% poli\u00e9ster<\/p>\n<p>\u2022Suela: PVC con toperoles fijos<\/p>\n<p>\u2022Origen: Brasil<\/p>\n<p>\u2022Adecuado para: Todo tipo de terreno<\/p><\/p>\n","protected":false},"featured_media":8702,"template":"","meta":{"_acf_changed":false},"product_brand":[],"product_cat":[107,106,109],"product_tag":[],"class_list":{"0":"post-2063","1":"product","2":"type-product","3":"status-publish","4":"has-post-thumbnail","6":"product_cat-adulto","7":"product_cat-calzado","8":"product_cat-futbol","10":"first","11":"instock","12":"sale","13":"shipping-taxable","14":"purchasable","15":"product-type-variable","16":"has-default-attributes","swatches":"rey-swatches","show_selected":""},"acf":[],"_links":{"self":[{"href":"https:\/\/oxnchile.cl\/index.php\/wp-json\/wp\/v2\/product\/2063","targetHints":{"allow":["GET"]}}],"collection":[{"href":"https:\/\/oxnchile.cl\/index.php\/wp-json\/wp\/v2\/product"}],"about":[{"href":"https:\/\/oxnchile.cl\/index.php\/wp-json\/wp\/v2\/types\/product"}],"wp:featuredmedia":[{"embeddable":true,"href":"https:\/\/oxnchile.cl\/index.php\/wp-json\/wp\/v2\/media\/8702"}],"wp:attachment":[{"href":"https:\/\/oxnchile.cl\/index.php\/wp-json\/wp\/v2\/media?parent=2063"}],"wp:term":[{"taxonomy":"product_brand","embeddable":true,"href":"https:\/\/oxnchile.cl\/index.php\/wp-json\/wp\/v2\/product_brand?post=2063"},{"taxonomy":"product_cat","embeddable":true,"href":"https:\/\/oxnchile.cl\/index.php\/wp-json\/wp\/v2\/product_cat?post=2063"},{"taxonomy":"product_tag","embeddable":true,"href":"https:\/\/oxnchile.cl\/index.php\/wp-json\/wp\/v2\/product_tag?post=2063"}],"curies":[{"name":"wp","href":"https:\/\/api.w.org\/{rel}","templated":true}]}}