{"id":2097,"date":"2024-03-20T11:17:52","date_gmt":"2024-03-20T14:17:52","guid":{"rendered":"https:\/\/oxnchile.cl\/?post_type=product&#038;p=2097"},"modified":"2026-03-25T00:10:58","modified_gmt":"2026-03-25T03:10:58","slug":"zapato-de-futbol-genio-4","status":"publish","type":"product","link":"https:\/\/oxnchile.cl\/index.php\/producto\/zapato-de-futbol-genio-4\/","title":{"rendered":"ZAPATOS DE FUTBOL GENIO 4"},"content":{"rendered":"<p>\u200bDescubre Genio 4 de OXN, el zapato liviano que brinda resistencia, sensibilidad m\u00e1xima, velocidad y agilidad durante los partidos en el campo. Tiene una parte superior sint\u00e9tica texturada, un forro interno textil acolchado y una suela de PVC con toperoles fijos y circulares que garantizan m\u00e1xima tracci\u00f3n, estabilidad y movimientos multidireccionales.<\/p>\n<p>Informaci\u00f3n T\u00e9cnica:<br \/>\n\u2022Capellada: PU texturado<br \/>\n\u2022Plantilla: En EVA y extra\u00edble<br \/>\n\u2022Forro: Material textil transpirable 100% poli\u00e9ster<br \/>\n\u2022Suela: PVC con toperoles fijos<br \/>\n\u2022Origen: Brasil<br \/>\n\u2022Adecuado para: Todo tipo de terreno<\/p>\n","protected":false},"excerpt":{"rendered":"<p style=\"text-align: justify\">\n<p><span style=\"font-family: Lato, Arial, sans-serif;font-size: 14px;font-style: normal;font-weight: 400;letter-spacing: normal;text-align: start;text-indent: 0px;text-transform: none;white-space: normal;display: inline !important;float: none\">\u200bDescubre&nbsp;<\/span><span style=\"font-weight: 700\">Genio 4 de OXN<\/span>, el zapato liviano que brinda resistencia, sensibilidad m\u00e1xima, velocidad y agilidad durante los partidos en el campo. Tiene una parte superior sint\u00e9tica texturada, un forro interno textil acolchado y una suela de PVC con toperoles fijos y circulares que garantizan m\u00e1xima tracci\u00f3n, estabilidad y movimientos multidireccionales.<\/p>\n<p><br style=\"font-family: Lato, Arial, sans-serif;font-size: 14px;font-style: normal;font-weight: 400;letter-spacing: normal;text-align: start;text-indent: 0px;text-transform: none;white-space: normal\"><\/p>\n<p><br style=\"font-family: Lato, Arial, sans-serif;font-size: 14px;font-style: normal;font-weight: 400;letter-spacing: normal;text-align: start;text-indent: 0px;text-transform: none;white-space: normal\"><\/p>\n<p><b style=\"font-weight: 700;font-family: Lato, Arial, sans-serif;font-size: 14px;font-style: normal;letter-spacing: normal;text-align: start;text-indent: 0px;text-transform: none;white-space: normal\">Informaci\u00f3n T\u00e9cnica:<br \/><\/b><\/p>\n<p><span style=\"font-family: Lato, Arial, sans-serif;font-size: 14px;font-style: normal;font-weight: 400;letter-spacing: normal;text-align: start;text-indent: 0px;text-transform: none;white-space: normal;display: inline !important;float: none\">\u2022Capellada: PU texturado<\/span><\/p>\n<p><span style=\"font-family: Lato, Arial, sans-serif;font-size: 14px;font-style: normal;font-weight: 400;letter-spacing: normal;text-align: start;text-indent: 0px;text-transform: none;white-space: normal;display: inline !important;float: none\">\u2022Plantilla: En EVA y extra\u00edble<\/span><\/p>\n<p><span style=\"font-family: Lato, Arial, sans-serif;font-size: 14px;font-style: normal;font-weight: 400;letter-spacing: normal;text-align: start;text-indent: 0px;text-transform: none;white-space: normal;display: inline !important;float: none\">\u2022Forro: Material textil transpirable 100% poli\u00e9ster<\/span><\/p>\n<p><span style=\"font-family: Lato, Arial, sans-serif;font-size: 14px;font-style: normal;font-weight: 400;letter-spacing: normal;text-align: start;text-indent: 0px;text-transform: none;white-space: normal;display: inline !important;float: none\">\u2022Suela: PVC con toperoles fijos<\/span><\/p>\n<p><span style=\"font-family: Lato, Arial, sans-serif;font-size: 14px;font-style: normal;font-weight: 400;letter-spacing: normal;text-align: start;text-indent: 0px;text-transform: none;white-space: normal;display: inline !important;float: none\">\u2022Origen: Brasil<\/span><\/p>\n<p><span style=\"font-family: Lato, Arial, sans-serif;font-size: 14px;font-style: normal;font-weight: 400;letter-spacing: normal;text-align: start;text-indent: 0px;text-transform: none;white-space: normal;display: inline !important;float: none\">\u2022Adecuado para: Todo tipo de terreno<\/span><\/p>\n<p><\/p>\n","protected":false},"featured_media":8699,"template":"","meta":{"_acf_changed":false},"product_brand":[],"product_cat":[107,106,109,218],"product_tag":[],"class_list":{"0":"post-2097","1":"product","2":"type-product","3":"status-publish","4":"has-post-thumbnail","6":"product_cat-adulto","7":"product_cat-calzado","8":"product_cat-futbol","9":"product_cat-sale","11":"first","12":"instock","13":"sale","14":"shipping-taxable","15":"purchasable","16":"product-type-variable","17":"has-default-attributes","swatches":"rey-swatches","show_selected":""},"acf":[],"_links":{"self":[{"href":"https:\/\/oxnchile.cl\/index.php\/wp-json\/wp\/v2\/product\/2097","targetHints":{"allow":["GET"]}}],"collection":[{"href":"https:\/\/oxnchile.cl\/index.php\/wp-json\/wp\/v2\/product"}],"about":[{"href":"https:\/\/oxnchile.cl\/index.php\/wp-json\/wp\/v2\/types\/product"}],"wp:featuredmedia":[{"embeddable":true,"href":"https:\/\/oxnchile.cl\/index.php\/wp-json\/wp\/v2\/media\/8699"}],"wp:attachment":[{"href":"https:\/\/oxnchile.cl\/index.php\/wp-json\/wp\/v2\/media?parent=2097"}],"wp:term":[{"taxonomy":"product_brand","embeddable":true,"href":"https:\/\/oxnchile.cl\/index.php\/wp-json\/wp\/v2\/product_brand?post=2097"},{"taxonomy":"product_cat","embeddable":true,"href":"https:\/\/oxnchile.cl\/index.php\/wp-json\/wp\/v2\/product_cat?post=2097"},{"taxonomy":"product_tag","embeddable":true,"href":"https:\/\/oxnchile.cl\/index.php\/wp-json\/wp\/v2\/product_tag?post=2097"}],"curies":[{"name":"wp","href":"https:\/\/api.w.org\/{rel}","templated":true}]}}