{"id":2126,"date":"2024-03-20T11:17:58","date_gmt":"2024-03-20T14:17:58","guid":{"rendered":"https:\/\/oxnchile.cl\/?post_type=product&#038;p=2126"},"modified":"2026-03-24T17:05:13","modified_gmt":"2026-03-24T20:05:13","slug":"zapato-de-futbol-mundialli-3","status":"publish","type":"product","link":"https:\/\/oxnchile.cl\/index.php\/producto\/zapato-de-futbol-mundialli-3\/","title":{"rendered":"ZAPATOS DE FUTBOL MUNDIALLI 3"},"content":{"rendered":"<p>Los zapatos de f\u00fatbol Mundialli 3 son una excelente opci\u00f3n para mejorar tus habilidades futbol\u00edsticas en c\u00e9sped natural. Los zapatos cuentan con una parte superior hecha con material sint\u00e9tico y tienen un forro interior ligeramente acolchado, brindando mayor estabilidad y comodidad. Tiene una plantilla fabricada en EVA que se puede quitar, lo que facilita la limpieza. Tambi\u00e9n cuenta con una leng\u00fceta integrada. Finalmente, la suela de PVC viene con toperoles largos, fijos y multidireccionales, asegurando la m\u00e1xima tracci\u00f3n y precisi\u00f3n en las patadas.<\/p>\n<p>Informaci\u00f3n t\u00e9cnica<\/p>\n<p>Capellada: Material sint\u00e9tico, acolchado con costuras.<br \/>\nPlantilla: En EVA y extra\u00edble; facilita la limpieza.<br \/>\nForro: Forro de material textil transpirable.<br \/>\nSuela: PVC con toperoles fijos que garantizan m\u00e1xima tracci\u00f3n, estabilidad y movimientos multidireccionales.<br \/>\nAdecuado para: C\u00e9sped natural.<br \/>\nLengua: Integrada.<br \/>\nOrigen: Brasil.<br \/>\nAjuste: Cordones.<br \/>\nPeso aproximado: 550g para el par N\u00ba40.<\/p>\n","protected":false},"excerpt":{"rendered":"<\/p>\n<p>Los zapatos de f\u00fatbol <b>Mundialli 3<\/b> son una excelente opci\u00f3n para mejorar tus habilidades futbol\u00edsticas en c\u00e9sped natural. Los zapatos cuentan con una parte superior hecha con material sint\u00e9tico y tienen un forro interior ligeramente acolchado, brindando mayor estabilidad y comodidad. Tiene una plantilla fabricada en EVA que se puede quitar, lo que facilita la limpieza. Tambi\u00e9n cuenta con una leng\u00fceta integrada. Finalmente, la suela de PVC viene con toperoles largos, fijos y multidireccionales, asegurando la m\u00e1xima tracci\u00f3n y precisi\u00f3n en las patadas.<\/p>\n<p><\/p>\n<p><strong style=\"font-weight: 600\">Informaci\u00f3n t\u00e9cnica<\/strong><\/p>\n<\/p>\n<li>Capellada: Material sint\u00e9tico, acolchado con costuras.<\/li>\n<li>Plantilla: En EVA y extra\u00edble; facilita la limpieza.<\/li>\n<li>Forro: Forro de material textil transpirable.<\/li>\n<li>Suela: PVC con toperoles fijos que garantizan m\u00e1xima tracci\u00f3n, estabilidad y movimientos multidireccionales.<\/li>\n<li>Adecuado para: C\u00e9sped natural.<\/li>\n<li>Lengua: Integrada.<\/li>\n<li>Origen: Brasil.<\/li>\n<li>Ajuste: Cordones.<\/li>\n<li>Peso aproximado: 550g para el par N\u00ba40.<\/li><\/p>\n","protected":false},"featured_media":8706,"template":"","meta":{"_acf_changed":false},"product_brand":[],"product_cat":[107,106,109],"product_tag":[],"class_list":{"0":"post-2126","1":"product","2":"type-product","3":"status-publish","4":"has-post-thumbnail","6":"product_cat-adulto","7":"product_cat-calzado","8":"product_cat-futbol","10":"first","11":"instock","12":"sale","13":"shipping-taxable","14":"purchasable","15":"product-type-variable","16":"has-default-attributes","swatches":"rey-swatches","show_selected":""},"acf":[],"_links":{"self":[{"href":"https:\/\/oxnchile.cl\/index.php\/wp-json\/wp\/v2\/product\/2126","targetHints":{"allow":["GET"]}}],"collection":[{"href":"https:\/\/oxnchile.cl\/index.php\/wp-json\/wp\/v2\/product"}],"about":[{"href":"https:\/\/oxnchile.cl\/index.php\/wp-json\/wp\/v2\/types\/product"}],"wp:featuredmedia":[{"embeddable":true,"href":"https:\/\/oxnchile.cl\/index.php\/wp-json\/wp\/v2\/media\/8706"}],"wp:attachment":[{"href":"https:\/\/oxnchile.cl\/index.php\/wp-json\/wp\/v2\/media?parent=2126"}],"wp:term":[{"taxonomy":"product_brand","embeddable":true,"href":"https:\/\/oxnchile.cl\/index.php\/wp-json\/wp\/v2\/product_brand?post=2126"},{"taxonomy":"product_cat","embeddable":true,"href":"https:\/\/oxnchile.cl\/index.php\/wp-json\/wp\/v2\/product_cat?post=2126"},{"taxonomy":"product_tag","embeddable":true,"href":"https:\/\/oxnchile.cl\/index.php\/wp-json\/wp\/v2\/product_tag?post=2126"}],"curies":[{"name":"wp","href":"https:\/\/api.w.org\/{rel}","templated":true}]}}