{"id":2127,"date":"2024-03-20T11:17:59","date_gmt":"2024-03-20T14:17:59","guid":{"rendered":"https:\/\/oxnchile.cl\/?post_type=product&#038;p=2127"},"modified":"2026-03-25T00:15:55","modified_gmt":"2026-03-25T03:15:55","slug":"zapato-de-futbol-avanti-3","status":"publish","type":"product","link":"https:\/\/oxnchile.cl\/index.php\/producto\/zapato-de-futbol-avanti-3\/","title":{"rendered":"Zapato de f\u00fatbol Avanti 3"},"content":{"rendered":"<p>Zapato de f\u00fatbol Avanti 3 adulto<\/p>\n","protected":false},"excerpt":{"rendered":"<p style=\"text-align: justify\">Descubre el zapato de f\u00fatbol Avanti 3 de OXN, el zapato que brinda resistencia para uso intensivo, sensibilidad m\u00e1xima, velocidad y agilidad durante los partidos en el campo. Tiene una parte superior sint\u00e9tica, un forro interno textil acolchado y una suela de PVC con toperoles fijos y circulares para mayor estabilidad.<\/p>\n<p><strong>Informaci\u00f3n t\u00e9cnica<\/strong><\/p>\n<ul>\n<li>Capellada: Material sint\u00e9tico texturizado con costuras.<\/li>\n<li>Plantilla: En EVA y extra\u00edble; facilita la limpieza.<\/li>\n<li>Forro: Forro de material textil acolchado transpirable.<\/li>\n<li>Suela: PVC con toperoles fijos que garantizan m\u00e1xima tracci\u00f3n, estabilidad y movimientos multidireccionales.<\/li>\n<li>Adecuado para: Todo tipo de terreno.<\/li>\n<li>Lengua: Integrada.<\/li>\n<li>Origen: Brasil.<\/li>\n<li>Ajuste: Cordones.<\/li>\n<li>Peso aproximado: 550g para el par N\u00ba40.<\/li>\n<\/ul>\n","protected":false},"featured_media":7993,"template":"","meta":{"_acf_changed":false},"product_brand":[],"product_cat":[107,106,109],"product_tag":[],"class_list":{"0":"post-2127","1":"product","2":"type-product","3":"status-publish","4":"has-post-thumbnail","6":"product_cat-adulto","7":"product_cat-calzado","8":"product_cat-futbol","10":"first","11":"instock","12":"sale","13":"shipping-taxable","14":"purchasable","15":"product-type-variable","16":"has-default-attributes","swatches":"rey-swatches","show_selected":""},"acf":[],"_links":{"self":[{"href":"https:\/\/oxnchile.cl\/index.php\/wp-json\/wp\/v2\/product\/2127","targetHints":{"allow":["GET"]}}],"collection":[{"href":"https:\/\/oxnchile.cl\/index.php\/wp-json\/wp\/v2\/product"}],"about":[{"href":"https:\/\/oxnchile.cl\/index.php\/wp-json\/wp\/v2\/types\/product"}],"wp:featuredmedia":[{"embeddable":true,"href":"https:\/\/oxnchile.cl\/index.php\/wp-json\/wp\/v2\/media\/7993"}],"wp:attachment":[{"href":"https:\/\/oxnchile.cl\/index.php\/wp-json\/wp\/v2\/media?parent=2127"}],"wp:term":[{"taxonomy":"product_brand","embeddable":true,"href":"https:\/\/oxnchile.cl\/index.php\/wp-json\/wp\/v2\/product_brand?post=2127"},{"taxonomy":"product_cat","embeddable":true,"href":"https:\/\/oxnchile.cl\/index.php\/wp-json\/wp\/v2\/product_cat?post=2127"},{"taxonomy":"product_tag","embeddable":true,"href":"https:\/\/oxnchile.cl\/index.php\/wp-json\/wp\/v2\/product_tag?post=2127"}],"curies":[{"name":"wp","href":"https:\/\/api.w.org\/{rel}","templated":true}]}}