{"id":2186,"date":"2024-03-20T11:18:15","date_gmt":"2024-03-20T14:18:15","guid":{"rendered":"https:\/\/oxnchile.cl\/?post_type=product&#038;p=2186"},"modified":"2026-03-25T00:10:21","modified_gmt":"2026-03-25T03:10:21","slug":"zapato-de-baby-futbol-spartak-4-neo","status":"publish","type":"product","link":"https:\/\/oxnchile.cl\/index.php\/producto\/zapato-de-baby-futbol-spartak-4-neo\/","title":{"rendered":"Zapato de baby f\u00fatbol Spartak 4 Neo"},"content":{"rendered":"<p>Zapato de baby f\u00fatbol Spartak 4 Neo adulto<\/p>\n","protected":false},"excerpt":{"rendered":"<p style=\"text-align: justify\">Los zapatos de baby f\u00fatbol Spartak 4 Neo son una excelente opci\u00f3n para mejorar tus habilidades futbol\u00edsticas en superficies duras y pasto sint\u00e9tico. Los zapatos cuentan con una parte superior hecha con material sint\u00e9tico y tienen un forro interior ligeramente acolchado, brindando mayor estabilidad y comodidad. Tiene una plantilla fabricada en EVA que se puede quitar, lo que facilita la limpieza. Tambi\u00e9n cuenta con una leng\u00fceta integrada con un calcet\u00edn de neopreno, garantizando soporte interno, seguridad y ajuste, al igual que los cordones. Finalmente, la suela de PVC viene con micro toperoles, fijos y multidireccionales, asegurando la m\u00e1xima tracci\u00f3n y precisi\u00f3n en las patadas.<\/p>\n<p><strong>Informaci\u00f3n t\u00e9cnica<\/strong><\/p>\n<ul>\n<li>Capellada: Material sint\u00e9tico, acolchado con costuras.<\/li>\n<li>Plantilla: En EVA y extra\u00edble; facilita la limpieza.<\/li>\n<li>Forro: Forro de material textil transpirable.<\/li>\n<li>Suela: PVC con micro toperoles fijos que garantizan m\u00e1xima tracci\u00f3n, estabilidad y movimientos multidireccionales.<\/li>\n<li>Adecuado para: Superficies duras y pasto sint\u00e9tico.<\/li>\n<li>Lengua: Integrada.<\/li>\n<li>Origen: Brasil.<\/li>\n<li>Ajuste: Cordones.<\/li>\n<li>Peso aproximado: 550g para el par N\u00ba40.<\/li>\n<\/ul>\n","protected":false},"featured_media":8760,"template":"","meta":{"_acf_changed":false},"product_brand":[],"product_cat":[107,118,106,218],"product_tag":[],"class_list":{"0":"post-2186","1":"product","2":"type-product","3":"status-publish","4":"has-post-thumbnail","6":"product_cat-adulto","7":"product_cat-baby-futbol","8":"product_cat-calzado","9":"product_cat-sale","11":"first","12":"instock","13":"sale","14":"shipping-taxable","15":"purchasable","16":"product-type-variable","17":"has-default-attributes","swatches":"rey-swatches","show_selected":""},"acf":[],"_links":{"self":[{"href":"https:\/\/oxnchile.cl\/index.php\/wp-json\/wp\/v2\/product\/2186","targetHints":{"allow":["GET"]}}],"collection":[{"href":"https:\/\/oxnchile.cl\/index.php\/wp-json\/wp\/v2\/product"}],"about":[{"href":"https:\/\/oxnchile.cl\/index.php\/wp-json\/wp\/v2\/types\/product"}],"wp:featuredmedia":[{"embeddable":true,"href":"https:\/\/oxnchile.cl\/index.php\/wp-json\/wp\/v2\/media\/8760"}],"wp:attachment":[{"href":"https:\/\/oxnchile.cl\/index.php\/wp-json\/wp\/v2\/media?parent=2186"}],"wp:term":[{"taxonomy":"product_brand","embeddable":true,"href":"https:\/\/oxnchile.cl\/index.php\/wp-json\/wp\/v2\/product_brand?post=2186"},{"taxonomy":"product_cat","embeddable":true,"href":"https:\/\/oxnchile.cl\/index.php\/wp-json\/wp\/v2\/product_cat?post=2186"},{"taxonomy":"product_tag","embeddable":true,"href":"https:\/\/oxnchile.cl\/index.php\/wp-json\/wp\/v2\/product_tag?post=2186"}],"curies":[{"name":"wp","href":"https:\/\/api.w.org\/{rel}","templated":true}]}}