{"id":2188,"date":"2024-03-20T11:18:15","date_gmt":"2024-03-20T14:18:15","guid":{"rendered":"https:\/\/oxnchile.cl\/?post_type=product&#038;p=2188"},"modified":"2026-04-11T10:56:56","modified_gmt":"2026-04-11T14:56:56","slug":"zapato-de-baby-futbol-rio","status":"publish","type":"product","link":"https:\/\/oxnchile.cl\/index.php\/producto\/zapato-de-baby-futbol-rio\/","title":{"rendered":"Zapato de baby f\u00fatbol Rio"},"content":{"rendered":"<p>Zapato de baby f\u00fatbol Rio adulto<\/p>\n","protected":false},"excerpt":{"rendered":"<p style=\"text-align: justify\">Indicados para los partidos de baby f\u00fatbol, los Rio son la elecci\u00f3n adecuada para los jugadores que buscan aumentar su rendimiento y agilidad. Su parte superior sint\u00e9tica viene con l\u00edneas de costura en toda la estructura y tiene peque\u00f1os canales de ventilaci\u00f3n, mejorando la transpirabilidad de los pies. El forro interior contiene acolchado reforzado y la plantilla de EVA est\u00e1 forrada y se puede quitar, facilitando su limpieza. Adem\u00e1s, destaca el logo de la marca en los laterales y en la leng\u00fceta que, a su vez, es fina y flexible con ajuste regulable mediante cordones. Por \u00faltimo, la suela de PVC cuenta con micro toperoles fijos que proporcionan la m\u00e1xima precisi\u00f3n al jugador.<\/p>\n<p><strong>Informaci\u00f3n t\u00e9cnica<\/strong><\/p>\n<ul>\n<li>Capellada: Material sint\u00e9tico (PU) con costuras<\/li>\n<li>Plantilla: En EVA y extra\u00edble; facilita la limpieza<\/li>\n<li>Forro: Forro de material textil transpirable<\/li>\n<li>Suela: PVC con micro toperoles que garantizan m\u00e1xima tracci\u00f3n, estabilidad y movimientos multidireccionales.<\/li>\n<li>Adecuado para: Superficies duras y pasto sint\u00e9tico<\/li>\n<li>Lengua: Integrada<\/li>\n<li>Origen: Brasil<\/li>\n<li>Ajuste: Cordones<\/li>\n<li>Peso aproximado: 550g para el par N\u00ba40<\/li>\n<\/ul>\n","protected":false},"featured_media":8769,"template":"","meta":{"_acf_changed":false},"product_brand":[],"product_cat":[107,118,106,218],"product_tag":[],"class_list":{"0":"post-2188","1":"product","2":"type-product","3":"status-publish","4":"has-post-thumbnail","6":"product_cat-adulto","7":"product_cat-baby-futbol","8":"product_cat-calzado","9":"product_cat-sale","11":"first","12":"instock","13":"sale","14":"shipping-taxable","15":"purchasable","16":"product-type-variable","17":"has-default-attributes","swatches":"rey-swatches","show_selected":""},"acf":[],"_links":{"self":[{"href":"https:\/\/oxnchile.cl\/index.php\/wp-json\/wp\/v2\/product\/2188","targetHints":{"allow":["GET"]}}],"collection":[{"href":"https:\/\/oxnchile.cl\/index.php\/wp-json\/wp\/v2\/product"}],"about":[{"href":"https:\/\/oxnchile.cl\/index.php\/wp-json\/wp\/v2\/types\/product"}],"wp:featuredmedia":[{"embeddable":true,"href":"https:\/\/oxnchile.cl\/index.php\/wp-json\/wp\/v2\/media\/8769"}],"wp:attachment":[{"href":"https:\/\/oxnchile.cl\/index.php\/wp-json\/wp\/v2\/media?parent=2188"}],"wp:term":[{"taxonomy":"product_brand","embeddable":true,"href":"https:\/\/oxnchile.cl\/index.php\/wp-json\/wp\/v2\/product_brand?post=2188"},{"taxonomy":"product_cat","embeddable":true,"href":"https:\/\/oxnchile.cl\/index.php\/wp-json\/wp\/v2\/product_cat?post=2188"},{"taxonomy":"product_tag","embeddable":true,"href":"https:\/\/oxnchile.cl\/index.php\/wp-json\/wp\/v2\/product_tag?post=2188"}],"curies":[{"name":"wp","href":"https:\/\/api.w.org\/{rel}","templated":true}]}}