{"id":2245,"date":"2024-03-20T11:18:31","date_gmt":"2024-03-20T14:18:31","guid":{"rendered":"https:\/\/oxnchile.cl\/?post_type=product&#038;p=2245"},"modified":"2026-04-20T10:30:09","modified_gmt":"2026-04-20T14:30:09","slug":"zapato-de-baby-futbol-mundialli-3","status":"publish","type":"product","link":"https:\/\/oxnchile.cl\/index.php\/producto\/zapato-de-baby-futbol-mundialli-3\/","title":{"rendered":"Zapato de baby f\u00fatbol Mundialli 3"},"content":{"rendered":"<p>Zapato de baby f\u00fatbol Mundialli 3 adulto<\/p>\n","protected":false},"excerpt":{"rendered":"<p>Los zapatos de f\u00fatbol Mundialli 3 son una excelente opci\u00f3n para mejorar tus habilidades futbol\u00edsticas. Los zapatos cuentan con una parte superior hecha con material sint\u00e9tico y tienen un forro interior ligeramente acolchado, brindando mayor estabilidad y comodidad. Tiene una plantilla fabricada en EVA que se puede quitar, lo que facilita la limpieza. Finalmente, la suela de PVC viene con micro toperoles fijos y multidireccionales, asegurando la m\u00e1xima tracci\u00f3n y precisi\u00f3n en las patadas.<\/p>\n<p><strong>Informaci\u00f3n t\u00e9cnica<\/strong><\/p>\n<ul>\n<li>Capellada: Material sint\u00e9tico, acolchado con costuras.<\/li>\n<li>Plantilla: En EVA y extra\u00edble; facilita la limpieza.<\/li>\n<li>Forro: Forro de material textil transpirable.<\/li>\n<li>Suela: PVC con micro toperoles fijos que garantizan m\u00e1xima tracci\u00f3n, estabilidad y movimientos multidireccionales.<\/li>\n<li>Adecuado para: Superficies duras y pasto sint\u00e9tico.<\/li>\n<li>Lengua: Integrada.<\/li>\n<li>Origen: Brasil.<\/li>\n<li>Ajuste: Cordones.<\/li>\n<li>Peso aproximado: 550g para el par N\u00ba40.<\/li>\n<\/ul>\n","protected":false},"featured_media":7925,"template":"","meta":{"_acf_changed":false},"product_brand":[],"product_cat":[107,118,106],"product_tag":[],"class_list":{"0":"post-2245","1":"product","2":"type-product","3":"status-publish","4":"has-post-thumbnail","6":"product_cat-adulto","7":"product_cat-baby-futbol","8":"product_cat-calzado","10":"first","11":"instock","12":"sale","13":"shipping-taxable","14":"purchasable","15":"product-type-variable","16":"has-default-attributes","swatches":"rey-swatches","show_selected":""},"acf":[],"_links":{"self":[{"href":"https:\/\/oxnchile.cl\/index.php\/wp-json\/wp\/v2\/product\/2245","targetHints":{"allow":["GET"]}}],"collection":[{"href":"https:\/\/oxnchile.cl\/index.php\/wp-json\/wp\/v2\/product"}],"about":[{"href":"https:\/\/oxnchile.cl\/index.php\/wp-json\/wp\/v2\/types\/product"}],"wp:featuredmedia":[{"embeddable":true,"href":"https:\/\/oxnchile.cl\/index.php\/wp-json\/wp\/v2\/media\/7925"}],"wp:attachment":[{"href":"https:\/\/oxnchile.cl\/index.php\/wp-json\/wp\/v2\/media?parent=2245"}],"wp:term":[{"taxonomy":"product_brand","embeddable":true,"href":"https:\/\/oxnchile.cl\/index.php\/wp-json\/wp\/v2\/product_brand?post=2245"},{"taxonomy":"product_cat","embeddable":true,"href":"https:\/\/oxnchile.cl\/index.php\/wp-json\/wp\/v2\/product_cat?post=2245"},{"taxonomy":"product_tag","embeddable":true,"href":"https:\/\/oxnchile.cl\/index.php\/wp-json\/wp\/v2\/product_tag?post=2245"}],"curies":[{"name":"wp","href":"https:\/\/api.w.org\/{rel}","templated":true}]}}