{"id":2275,"date":"2024-03-20T11:18:38","date_gmt":"2024-03-20T14:18:38","guid":{"rendered":"https:\/\/oxnchile.cl\/?post_type=product&#038;p=2275"},"modified":"2026-03-25T00:17:39","modified_gmt":"2026-03-25T03:17:39","slug":"zapato-de-futbol-vision-2","status":"publish","type":"product","link":"https:\/\/oxnchile.cl\/index.php\/producto\/zapato-de-futbol-vision-2\/","title":{"rendered":"Zapato de  f\u00fatbol Vision 2"},"content":{"rendered":"<p>Zapato de  f\u00fatbol Vision 2<\/p>\n","protected":false},"excerpt":{"rendered":"<p style=\"text-align: justify\">\n<p style=\"margin: 0px 0px 10px;font-family: Lato, Arial, sans-serif;font-size: 14px;font-style: normal;font-weight: 400;letter-spacing: normal;text-indent: 0px;text-transform: none;white-space: normal;text-align: justify\">Los zapatos de f\u00fatbol Vision 2, son ideales para jugadores que buscan agilidad, velocidad y sensibilidad m\u00e1xima para mejor contacto con el bal\u00f3n. Su parte superior sint\u00e9tica texturada, presenta cordones asim\u00e9tricos y la suela de PVC con toperoles largos y fijos que garantizan m\u00e1xima tracci\u00f3n, estabilidad y movimientos multidireccionales.<\/p>\n<p style=\"margin: 0px 0px 10px;font-family: Lato, Arial, sans-serif;font-size: 14px;font-style: normal;font-weight: 400;letter-spacing: normal;text-align: start;text-indent: 0px;text-transform: none;white-space: normal\"><strong style=\"font-weight: 700\"><br \/><\/strong><\/p>\n<p style=\"margin: 0px 0px 10px;font-family: Lato, Arial, sans-serif;font-size: 14px;font-style: normal;font-weight: 400;letter-spacing: normal;text-align: start;text-indent: 0px;text-transform: none;white-space: normal\"><strong style=\"font-weight: 700\">Informaci\u00f3n t\u00e9cnica<\/strong><\/p>\n<ul style=\"margin-top: 0px;margin-bottom: 10px;font-family: Lato, Arial, sans-serif;font-size: 14px;font-style: normal;font-weight: 400;letter-spacing: normal;text-align: start;text-indent: 0px;text-transform: none;white-space: normal\">\u2022Capellada: PU texturado<br \/>\u2022Plantilla: En EVA y extra\u00edble<br \/>\u2022Forro: Material textil transpirable 100% poli\u00e9ster<br \/>\u2022Suela: PVC con toperoles fijos<br \/>\u2022Origen: Brasil<br \/>\u2022Adecuado para: Todo tipo de terreno<\/ul>\n","protected":false},"featured_media":8683,"template":"","meta":{"_acf_changed":false},"product_brand":[],"product_cat":[107,106,109,218],"product_tag":[],"class_list":{"0":"post-2275","1":"product","2":"type-product","3":"status-publish","4":"has-post-thumbnail","6":"product_cat-adulto","7":"product_cat-calzado","8":"product_cat-futbol","9":"product_cat-sale","11":"first","12":"instock","13":"sale","14":"shipping-taxable","15":"purchasable","16":"product-type-variable","17":"has-default-attributes","swatches":"rey-swatches","show_selected":""},"acf":[],"_links":{"self":[{"href":"https:\/\/oxnchile.cl\/index.php\/wp-json\/wp\/v2\/product\/2275","targetHints":{"allow":["GET"]}}],"collection":[{"href":"https:\/\/oxnchile.cl\/index.php\/wp-json\/wp\/v2\/product"}],"about":[{"href":"https:\/\/oxnchile.cl\/index.php\/wp-json\/wp\/v2\/types\/product"}],"wp:featuredmedia":[{"embeddable":true,"href":"https:\/\/oxnchile.cl\/index.php\/wp-json\/wp\/v2\/media\/8683"}],"wp:attachment":[{"href":"https:\/\/oxnchile.cl\/index.php\/wp-json\/wp\/v2\/media?parent=2275"}],"wp:term":[{"taxonomy":"product_brand","embeddable":true,"href":"https:\/\/oxnchile.cl\/index.php\/wp-json\/wp\/v2\/product_brand?post=2275"},{"taxonomy":"product_cat","embeddable":true,"href":"https:\/\/oxnchile.cl\/index.php\/wp-json\/wp\/v2\/product_cat?post=2275"},{"taxonomy":"product_tag","embeddable":true,"href":"https:\/\/oxnchile.cl\/index.php\/wp-json\/wp\/v2\/product_tag?post=2275"}],"curies":[{"name":"wp","href":"https:\/\/api.w.org\/{rel}","templated":true}]}}