{"id":2367,"date":"2024-03-20T11:18:59","date_gmt":"2024-03-20T14:18:59","guid":{"rendered":"https:\/\/oxnchile.cl\/?post_type=product&#038;p=2367"},"modified":"2026-04-02T16:11:22","modified_gmt":"2026-04-02T19:11:22","slug":"zapatilla-de-futsal-agilis-2-junior","status":"publish","type":"product","link":"https:\/\/oxnchile.cl\/index.php\/producto\/zapatilla-de-futsal-agilis-2-junior\/","title":{"rendered":"Zapatilla de futsal Agilis 2 Junior"},"content":{"rendered":"<p>Zapatilla de futsal Agilis 2 Junior<\/p>\n","protected":false},"excerpt":{"rendered":"<p style=\"text-align: justify\">Las zapatillas Agilis 2 Junior son una excelente opci\u00f3n para j\u00f3venes jugadores que dan un uso intensivo a sus zapatos y necesitan resistencia a la fricci\u00f3n. Cuentan con una parte superior hecha con material sint\u00e9tico con costuras envolventes y tienen un forro interior ligeramente acolchado, brindando mayor estabilidad y comodidad. Tiene una plantilla fabricada en EVA que se puede quitar, lo que facilita la limpieza. Por \u00faltimo, la suela de PVC cuenta con un punto de pivote estrat\u00e9gicamente posicionado, proporcionando la m\u00e1xima precisi\u00f3n al jugador.<\/p>\n<p><strong>Informaci\u00f3n t\u00e9cnica<\/strong><\/p>\n<ul>\n<li>Capellada: Material sint\u00e9tico (PU) con costuras<\/li>\n<li>Plantilla: En EVA y extra\u00edble; facilita la limpieza<\/li>\n<li>Forro: Forro de material textil, acolchado transpirable<\/li>\n<li>Suela: PVC texturado que garantizan m\u00e1xima tracci\u00f3n, estabilidad y movimientos multidireccionales.<\/li>\n<li>Adecuado para: Superficies artificiales duras, gimnasios, EVA<\/li>\n<li>Lengua: Integrada<\/li>\n<li>Origen: Brasil<\/li>\n<li>Ajuste: Cordones<\/li>\n<\/ul>\n","protected":false},"featured_media":8517,"template":"","meta":{"_acf_changed":false},"product_brand":[],"product_cat":[106,221,121,120],"product_tag":[],"class_list":{"0":"post-2367","1":"product","2":"type-product","3":"status-publish","4":"has-post-thumbnail","6":"product_cat-calzado","7":"product_cat-dia-del-nino","8":"product_cat-indoor","9":"product_cat-infantil","11":"first","12":"instock","13":"sale","14":"shipping-taxable","15":"purchasable","16":"product-type-variable","17":"has-default-attributes","swatches":"rey-swatches","show_selected":""},"acf":[],"_links":{"self":[{"href":"https:\/\/oxnchile.cl\/index.php\/wp-json\/wp\/v2\/product\/2367","targetHints":{"allow":["GET"]}}],"collection":[{"href":"https:\/\/oxnchile.cl\/index.php\/wp-json\/wp\/v2\/product"}],"about":[{"href":"https:\/\/oxnchile.cl\/index.php\/wp-json\/wp\/v2\/types\/product"}],"wp:featuredmedia":[{"embeddable":true,"href":"https:\/\/oxnchile.cl\/index.php\/wp-json\/wp\/v2\/media\/8517"}],"wp:attachment":[{"href":"https:\/\/oxnchile.cl\/index.php\/wp-json\/wp\/v2\/media?parent=2367"}],"wp:term":[{"taxonomy":"product_brand","embeddable":true,"href":"https:\/\/oxnchile.cl\/index.php\/wp-json\/wp\/v2\/product_brand?post=2367"},{"taxonomy":"product_cat","embeddable":true,"href":"https:\/\/oxnchile.cl\/index.php\/wp-json\/wp\/v2\/product_cat?post=2367"},{"taxonomy":"product_tag","embeddable":true,"href":"https:\/\/oxnchile.cl\/index.php\/wp-json\/wp\/v2\/product_tag?post=2367"}],"curies":[{"name":"wp","href":"https:\/\/api.w.org\/{rel}","templated":true}]}}