{"id":2368,"date":"2024-03-20T11:18:59","date_gmt":"2024-03-20T14:18:59","guid":{"rendered":"https:\/\/oxnchile.cl\/?post_type=product&#038;p=2368"},"modified":"2026-03-27T08:43:41","modified_gmt":"2026-03-27T11:43:41","slug":"zapatilla-de-futsal-genio-4-junior","status":"publish","type":"product","link":"https:\/\/oxnchile.cl\/index.php\/producto\/zapatilla-de-futsal-genio-4-junior\/","title":{"rendered":"Zapatilla de futsal Genio 4 Junior"},"content":{"rendered":"<p>Zapatilla de futsal Genio 4 Junior<\/p>\n","protected":false},"excerpt":{"rendered":"<p style=\"text-align: justify\">Descubre las Genio 4 Junior de OXN, la zapatilla liviana que brinda resistencia, sensibilidad m\u00e1xima, velocidad y agilidad durante los partidos. Tiene una parte superior sint\u00e9tica texturada, un forro interno textil acolchado y una suela de PVC que cuenta con un punto de pivote estrat\u00e9gicamente posicionado, proporcionando la m\u00e1xima precisi\u00f3n al jugador.<\/p>\n<p><strong>Informaci\u00f3n t\u00e9cnica<\/strong><\/p>\n<ul>\n<li>Capellada: Material sint\u00e9tico texturizado.<\/li>\n<li>Plantilla: En EVA y extra\u00edble; facilita la limpieza.<\/li>\n<li>Forro: Forro de material textil acolchado transpirable.<\/li>\n<li>Suela: PVC texturado que garantizan m\u00e1xima tracci\u00f3n, estabilidad y movimientos multidireccionales.<\/li>\n<li>Adecuado para: Superficies artificiales duras, gimnasios, EVA.<\/li>\n<li>Lengua: Integrada.<\/li>\n<li>Origen: Brasil.<\/li>\n<li>Ajuste: Cordones.<\/li>\n<\/ul>\n","protected":false},"featured_media":7844,"template":"","meta":{"_acf_changed":false},"product_brand":[],"product_cat":[106,221,121,120],"product_tag":[],"class_list":{"0":"post-2368","1":"product","2":"type-product","3":"status-publish","4":"has-post-thumbnail","6":"product_cat-calzado","7":"product_cat-dia-del-nino","8":"product_cat-indoor","9":"product_cat-infantil","11":"first","12":"instock","13":"sale","14":"shipping-taxable","15":"purchasable","16":"product-type-variable","17":"has-default-attributes","swatches":"rey-swatches","show_selected":""},"acf":[],"_links":{"self":[{"href":"https:\/\/oxnchile.cl\/index.php\/wp-json\/wp\/v2\/product\/2368","targetHints":{"allow":["GET"]}}],"collection":[{"href":"https:\/\/oxnchile.cl\/index.php\/wp-json\/wp\/v2\/product"}],"about":[{"href":"https:\/\/oxnchile.cl\/index.php\/wp-json\/wp\/v2\/types\/product"}],"wp:featuredmedia":[{"embeddable":true,"href":"https:\/\/oxnchile.cl\/index.php\/wp-json\/wp\/v2\/media\/7844"}],"wp:attachment":[{"href":"https:\/\/oxnchile.cl\/index.php\/wp-json\/wp\/v2\/media?parent=2368"}],"wp:term":[{"taxonomy":"product_brand","embeddable":true,"href":"https:\/\/oxnchile.cl\/index.php\/wp-json\/wp\/v2\/product_brand?post=2368"},{"taxonomy":"product_cat","embeddable":true,"href":"https:\/\/oxnchile.cl\/index.php\/wp-json\/wp\/v2\/product_cat?post=2368"},{"taxonomy":"product_tag","embeddable":true,"href":"https:\/\/oxnchile.cl\/index.php\/wp-json\/wp\/v2\/product_tag?post=2368"}],"curies":[{"name":"wp","href":"https:\/\/api.w.org\/{rel}","templated":true}]}}