{"id":2395,"date":"2024-03-20T11:19:07","date_gmt":"2024-03-20T14:19:07","guid":{"rendered":"https:\/\/oxnchile.cl\/?post_type=product&#038;p=2395"},"modified":"2026-03-25T00:12:45","modified_gmt":"2026-03-25T03:12:45","slug":"zapato-de-futbol-fusion-grip-4-neo-junior","status":"publish","type":"product","link":"https:\/\/oxnchile.cl\/index.php\/producto\/zapato-de-futbol-fusion-grip-4-neo-junior\/","title":{"rendered":"Zapato de f\u00fatbol Fusion Grip 4 Neo Junior"},"content":{"rendered":"<p>ZAPATOS DE FUTBOL FUSION GRIP 4 NEO JUNIOR<\/p>\n","protected":false},"excerpt":{"rendered":"<p style=\"text-align: justify\">Para que destaques en el terreno de juego, OXN te ofrece los Fusion Grip 4 Neo Junior, ideal para jugadores j\u00f3venes que buscan agilidad, velocidad y sensibilidad m\u00e1xima para mejor contacto con el bal\u00f3n. Su parte superior sint\u00e9tica texturada, presenta una leng\u00fceta integrada con un calcet\u00edn de neopreno y la suela de PVC viene con toperoles fijos redondos para mayor estabilidad.<\/p>\n<p><strong>Informaci\u00f3n T\u00e9cnica<\/strong><\/p>\n<ul>\n<li>Capellada: Material sint\u00e9tico.<\/li>\n<li>Plantilla: En EVA y extra\u00edble; facilita la limpieza.<\/li>\n<li>Forro: Forro de material textil transpirable.<\/li>\n<li>Suela: PVC con toperoles fijos que garantizan m\u00e1xima tracci\u00f3n, estabilidad y movimientos multidireccionales.<\/li>\n<li>Adecuado para: Todo tipo de superficie.<\/li>\n<li>Lengua: Integrada.<\/li>\n<li>Origen: Brasil.<\/li>\n<li>Ajuste: Cordones.<\/li>\n<\/ul>\n","protected":false},"featured_media":8761,"template":"","meta":{"_acf_changed":false},"product_brand":[],"product_cat":[106,122,120,218],"product_tag":[],"class_list":{"0":"post-2395","1":"product","2":"type-product","3":"status-publish","4":"has-post-thumbnail","6":"product_cat-calzado","7":"product_cat-futbol-infantil","8":"product_cat-infantil","9":"product_cat-sale","11":"first","12":"instock","13":"sale","14":"shipping-taxable","15":"purchasable","16":"product-type-variable","swatches":"rey-swatches","show_selected":""},"acf":[],"_links":{"self":[{"href":"https:\/\/oxnchile.cl\/index.php\/wp-json\/wp\/v2\/product\/2395","targetHints":{"allow":["GET"]}}],"collection":[{"href":"https:\/\/oxnchile.cl\/index.php\/wp-json\/wp\/v2\/product"}],"about":[{"href":"https:\/\/oxnchile.cl\/index.php\/wp-json\/wp\/v2\/types\/product"}],"wp:featuredmedia":[{"embeddable":true,"href":"https:\/\/oxnchile.cl\/index.php\/wp-json\/wp\/v2\/media\/8761"}],"wp:attachment":[{"href":"https:\/\/oxnchile.cl\/index.php\/wp-json\/wp\/v2\/media?parent=2395"}],"wp:term":[{"taxonomy":"product_brand","embeddable":true,"href":"https:\/\/oxnchile.cl\/index.php\/wp-json\/wp\/v2\/product_brand?post=2395"},{"taxonomy":"product_cat","embeddable":true,"href":"https:\/\/oxnchile.cl\/index.php\/wp-json\/wp\/v2\/product_cat?post=2395"},{"taxonomy":"product_tag","embeddable":true,"href":"https:\/\/oxnchile.cl\/index.php\/wp-json\/wp\/v2\/product_tag?post=2395"}],"curies":[{"name":"wp","href":"https:\/\/api.w.org\/{rel}","templated":true}]}}