{"id":3461,"date":"2024-03-24T22:12:03","date_gmt":"2024-03-25T01:12:03","guid":{"rendered":"https:\/\/oxnchile.cl\/?post_type=product&#038;p=3461"},"modified":"2026-03-25T15:13:07","modified_gmt":"2026-03-25T18:13:07","slug":"zapato-de-futbol-objetivo-md","status":"publish","type":"product","link":"https:\/\/oxnchile.cl\/index.php\/producto\/zapato-de-futbol-objetivo-md\/","title":{"rendered":"Zapato de f\u00fatbol Objetivo MD"},"content":{"rendered":"<p>Zapato de f\u00fatbol Objetivo MD<\/p>\n","protected":false},"excerpt":{"rendered":"<p style=\"text-align: justify\">Los Objetivo MD son ideales para jugadores que buscan un zapato de uso diario con alta resistencia a la fricci\u00f3n y buena sensibilidad con el bal\u00f3n. Cuentan con una parte superior hecha con material sint\u00e9tico texturado y un forro interior ligeramente acolchado, brindando mayor estabilidad y comodidad. Tiene una plantilla fabricada en EVA que se puede quitar, lo que facilita la limpieza. Finalmente, la suela de PVC viene con toperoles redondos, fijos y multidireccionales, asegurando la m\u00e1xima tracci\u00f3n y precisi\u00f3n en las patadas.<\/p>\n<p><strong>Informaci\u00f3n t\u00e9cnica<\/strong><\/p>\n<ul>\n<li>Capellada: PU texturado<\/li>\n<li>Plantilla: En EVA y extra\u00edble<\/li>\n<li>Forro: Material textil transpirable acolchado<\/li>\n<li>Suela: PVC cosida completamente con toperoles fijos<\/li>\n<li>Adecuado para: Todo tipo de terreno<\/li>\n<\/ul>\n","protected":false},"featured_media":8770,"template":"","meta":{"_acf_changed":false},"product_brand":[],"product_cat":[107,106,109,218],"product_tag":[],"class_list":{"0":"post-3461","1":"product","2":"type-product","3":"status-publish","4":"has-post-thumbnail","6":"product_cat-adulto","7":"product_cat-calzado","8":"product_cat-futbol","9":"product_cat-sale","11":"first","12":"instock","13":"sale","14":"shipping-taxable","15":"purchasable","16":"product-type-variable","swatches":"rey-swatches","show_selected":""},"acf":[],"_links":{"self":[{"href":"https:\/\/oxnchile.cl\/index.php\/wp-json\/wp\/v2\/product\/3461","targetHints":{"allow":["GET"]}}],"collection":[{"href":"https:\/\/oxnchile.cl\/index.php\/wp-json\/wp\/v2\/product"}],"about":[{"href":"https:\/\/oxnchile.cl\/index.php\/wp-json\/wp\/v2\/types\/product"}],"wp:featuredmedia":[{"embeddable":true,"href":"https:\/\/oxnchile.cl\/index.php\/wp-json\/wp\/v2\/media\/8770"}],"wp:attachment":[{"href":"https:\/\/oxnchile.cl\/index.php\/wp-json\/wp\/v2\/media?parent=3461"}],"wp:term":[{"taxonomy":"product_brand","embeddable":true,"href":"https:\/\/oxnchile.cl\/index.php\/wp-json\/wp\/v2\/product_brand?post=3461"},{"taxonomy":"product_cat","embeddable":true,"href":"https:\/\/oxnchile.cl\/index.php\/wp-json\/wp\/v2\/product_cat?post=3461"},{"taxonomy":"product_tag","embeddable":true,"href":"https:\/\/oxnchile.cl\/index.php\/wp-json\/wp\/v2\/product_tag?post=3461"}],"curies":[{"name":"wp","href":"https:\/\/api.w.org\/{rel}","templated":true}]}}