{"id":3594,"date":"2024-03-25T01:06:55","date_gmt":"2024-03-25T04:06:55","guid":{"rendered":"https:\/\/oxnchile.cl\/?post_type=product&#038;p=3594"},"modified":"2026-03-25T00:16:55","modified_gmt":"2026-03-25T03:16:55","slug":"zapato-de-futbol-fusion-grip-4-neo-2","status":"publish","type":"product","link":"https:\/\/oxnchile.cl\/index.php\/producto\/zapato-de-futbol-fusion-grip-4-neo-2\/","title":{"rendered":"ZAPATOS DE FUTBOL FUSION GRIP 4 NEO"},"content":{"rendered":"<p>Intensifica tu rendimiento con los Fusion Grip 4 Neo, para jugadores que buscan agilidad, velocidad y sensibilidad m\u00e1xima para mejor contacto con el bal\u00f3n. Su parte superior sint\u00e9tica, presenta una leng\u00fceta integrada con un calcet\u00edn de neopreno y suela de PVC con toperoles largos fijos que garantizan m\u00e1xima tracci\u00f3n, estabilidad y movimientos multidireccionales.<\/p>\n<p>Informaci\u00f3n T\u00e9cnica:<br \/>\n\u2022Capellada: PU texturado<br \/>\n\u2022Plantilla: En EVA y extra\u00edble<br \/>\n\u2022Forro: Material textil transpirable 100% poli\u00e9ster<br \/>\n\u2022Leng\u00fceta: Neopreno integrada<br \/>\n\u2022Suela: PVC con toperoles fijos<br \/>\n\u2022Origen: Brasil<br \/>\n\u2022Adecuado para: Todo tipo de terreno<\/p>\n","protected":false},"excerpt":{"rendered":"<h5><\/h5>\n<p>Intensifica tu rendimiento con los&nbsp;<b style=\"font-weight: 700\">Fusion Grip 4 Neo&nbsp;<\/b><span>, para jugadores que buscan agilidad, velocidad y sensibilidad m\u00e1xima para mejor contacto con el bal\u00f3n. Su parte superior sint\u00e9tica, presenta una leng\u00fceta integrada con un calcet\u00edn de neopreno y suela de PVC con toperoles largos fijos que garantizan m\u00e1xima tracci\u00f3n, estabilidad y movimientos multidireccionales.<\/span><\/p>\n<p>\u200b<\/p>\n<p><b style=\"font-weight: 700\">Informaci\u00f3n T\u00e9cnica:<\/b><\/p>\n<p>\u2022Capellada: PU texturado<\/p>\n<p>\u2022Plantilla: En EVA y extra\u00edble<\/p>\n<p>\u2022Forro: Material textil transpirable 100% poli\u00e9ster<\/p>\n<p>\u2022Leng\u00fceta: Neopreno integrada<\/p>\n<p>\u2022Suela: PVC con toperoles fijos<\/p>\n<p>\u2022Origen: Brasil<\/p>\n<p>\u2022Adecuado para: Todo tipo de terreno<\/p>\n<p><\/p>\n","protected":false},"featured_media":8700,"template":"","meta":{"_acf_changed":false},"product_brand":[],"product_cat":[107,106,109],"product_tag":[],"class_list":{"0":"post-3594","1":"product","2":"type-product","3":"status-publish","4":"has-post-thumbnail","6":"product_cat-adulto","7":"product_cat-calzado","8":"product_cat-futbol","10":"first","11":"instock","12":"sale","13":"shipping-taxable","14":"purchasable","15":"product-type-variable","swatches":"rey-swatches","show_selected":""},"acf":[],"_links":{"self":[{"href":"https:\/\/oxnchile.cl\/index.php\/wp-json\/wp\/v2\/product\/3594","targetHints":{"allow":["GET"]}}],"collection":[{"href":"https:\/\/oxnchile.cl\/index.php\/wp-json\/wp\/v2\/product"}],"about":[{"href":"https:\/\/oxnchile.cl\/index.php\/wp-json\/wp\/v2\/types\/product"}],"wp:featuredmedia":[{"embeddable":true,"href":"https:\/\/oxnchile.cl\/index.php\/wp-json\/wp\/v2\/media\/8700"}],"wp:attachment":[{"href":"https:\/\/oxnchile.cl\/index.php\/wp-json\/wp\/v2\/media?parent=3594"}],"wp:term":[{"taxonomy":"product_brand","embeddable":true,"href":"https:\/\/oxnchile.cl\/index.php\/wp-json\/wp\/v2\/product_brand?post=3594"},{"taxonomy":"product_cat","embeddable":true,"href":"https:\/\/oxnchile.cl\/index.php\/wp-json\/wp\/v2\/product_cat?post=3594"},{"taxonomy":"product_tag","embeddable":true,"href":"https:\/\/oxnchile.cl\/index.php\/wp-json\/wp\/v2\/product_tag?post=3594"}],"curies":[{"name":"wp","href":"https:\/\/api.w.org\/{rel}","templated":true}]}}