{"id":3655,"date":"2024-03-25T01:07:05","date_gmt":"2024-03-25T04:07:05","guid":{"rendered":"https:\/\/oxnchile.cl\/?post_type=product&#038;p=3655"},"modified":"2026-03-25T00:16:34","modified_gmt":"2026-03-25T03:16:34","slug":"zapato-de-baby-futbol-dynamic-3-junior","status":"publish","type":"product","link":"https:\/\/oxnchile.cl\/index.php\/producto\/zapato-de-baby-futbol-dynamic-3-junior\/","title":{"rendered":"Zapato de baby f\u00fatbol Dynamic 3 Junior"},"content":{"rendered":"<p>Zapato de baby f\u00fatbol Dynamic 3 Junior<\/p>\n","protected":false},"excerpt":{"rendered":"<p style=\"text-align: justify\">Dynamic 3 junior de OXN, es un zapato que brinda resistencia, sensibilidad m\u00e1xima, velocidad y agilidad durante los partidos en superficies duras y sint\u00e9ticas. Tiene una parte superior sint\u00e9tica con costuras envolventes, un forro interno textil acolchado y una suela de PVC con micro toperoles fijos para mayor estabilidad.<\/p>\n<p><strong>Informaci\u00f3n t\u00e9cnica<\/strong><\/p>\n<ul>\n<li>Capellada: Material sint\u00e9tico, acolchado con costuras<\/li>\n<li>Plantilla: En EVA y extra\u00edble; facilita la limpieza<\/li>\n<li>Forro: Forro de material textil acolchado transpirable<\/li>\n<li>Suela: PVC con micro toperoles fijos que garantizan m\u00e1xima tracci\u00f3n, estabilidad y movimientos multidireccionales<\/li>\n<li>Adecuado para: Superficies duras y pasto sint\u00e9tico<\/li>\n<li>Lengua: Integrada<\/li>\n<li>Origen: Brasil<\/li>\n<li>Ajuste: Cordones<\/li>\n<\/ul>\n","protected":false},"featured_media":8774,"template":"","meta":{"_acf_changed":false},"product_brand":[],"product_cat":[136,106,120,218],"product_tag":[],"class_list":{"0":"post-3655","1":"product","2":"type-product","3":"status-publish","4":"has-post-thumbnail","6":"product_cat-baby-futbol-infantil","7":"product_cat-calzado","8":"product_cat-infantil","9":"product_cat-sale","11":"first","12":"instock","13":"sale","14":"shipping-taxable","15":"purchasable","16":"product-type-variable","17":"has-default-attributes","swatches":"rey-swatches","show_selected":""},"acf":[],"_links":{"self":[{"href":"https:\/\/oxnchile.cl\/index.php\/wp-json\/wp\/v2\/product\/3655","targetHints":{"allow":["GET"]}}],"collection":[{"href":"https:\/\/oxnchile.cl\/index.php\/wp-json\/wp\/v2\/product"}],"about":[{"href":"https:\/\/oxnchile.cl\/index.php\/wp-json\/wp\/v2\/types\/product"}],"wp:featuredmedia":[{"embeddable":true,"href":"https:\/\/oxnchile.cl\/index.php\/wp-json\/wp\/v2\/media\/8774"}],"wp:attachment":[{"href":"https:\/\/oxnchile.cl\/index.php\/wp-json\/wp\/v2\/media?parent=3655"}],"wp:term":[{"taxonomy":"product_brand","embeddable":true,"href":"https:\/\/oxnchile.cl\/index.php\/wp-json\/wp\/v2\/product_brand?post=3655"},{"taxonomy":"product_cat","embeddable":true,"href":"https:\/\/oxnchile.cl\/index.php\/wp-json\/wp\/v2\/product_cat?post=3655"},{"taxonomy":"product_tag","embeddable":true,"href":"https:\/\/oxnchile.cl\/index.php\/wp-json\/wp\/v2\/product_tag?post=3655"}],"curies":[{"name":"wp","href":"https:\/\/api.w.org\/{rel}","templated":true}]}}