{"id":3686,"date":"2024-03-25T01:07:09","date_gmt":"2024-03-25T04:07:09","guid":{"rendered":"https:\/\/oxnchile.cl\/?post_type=product&#038;p=3686"},"modified":"2026-03-25T15:08:19","modified_gmt":"2026-03-25T18:08:19","slug":"zapato-de-baby-futbol-altitud-junior","status":"publish","type":"product","link":"https:\/\/oxnchile.cl\/index.php\/producto\/zapato-de-baby-futbol-altitud-junior\/","title":{"rendered":"Zapato de baby f\u00fatbol Altitud Junior"},"content":{"rendered":"<p>Zapato de baby f\u00fatbol Altitud Junior<\/p>\n","protected":false},"excerpt":{"rendered":"<p style=\"text-align: justify\">Los Altitud Junior, son ideales para los jugadores m\u00e1s j\u00f3venes que necesitan un zapato con extra agarre, que requiere agilidad y velocidad en sus movimientos. Su parte superior sint\u00e9tica texturada, presenta un calcet\u00edn de neopreno integrado para mejor sujeci\u00f3n y la suela de PVC viene con micro toperoles fijos.<\/p>\n<p><strong>Informaci\u00f3n t\u00e9cnica<\/strong><\/p>\n<ul>\n<li>Capellada: Material sint\u00e9tico texturado<\/li>\n<li>Plantilla: En EVA y extra\u00edble; facilita la limpieza<\/li>\n<li>Forro: Forro de material textil transpirable.<\/li>\n<li>Suela: PVC con micro toperoles fijos que garantizan m\u00e1xima tracci\u00f3n, estabilidad y movimientos multidireccionales.<\/li>\n<li>Adecuado para: Superficies duras y pasto sint\u00e9tico<\/li>\n<li>Lengua: Integrada con calcet\u00edn de neopreno<\/li>\n<li>Origen: Brasil<\/li>\n<li>Ajuste: Cordones<\/li>\n<\/ul>\n","protected":false},"featured_media":7328,"template":"","meta":{"_acf_changed":false},"product_brand":[],"product_cat":[136,106,221,120],"product_tag":[],"class_list":{"0":"post-3686","1":"product","2":"type-product","3":"status-publish","4":"has-post-thumbnail","6":"product_cat-baby-futbol-infantil","7":"product_cat-calzado","8":"product_cat-dia-del-nino","9":"product_cat-infantil","11":"first","12":"instock","13":"sale","14":"shipping-taxable","15":"purchasable","16":"product-type-variable","swatches":"rey-swatches","show_selected":""},"acf":[],"_links":{"self":[{"href":"https:\/\/oxnchile.cl\/index.php\/wp-json\/wp\/v2\/product\/3686","targetHints":{"allow":["GET"]}}],"collection":[{"href":"https:\/\/oxnchile.cl\/index.php\/wp-json\/wp\/v2\/product"}],"about":[{"href":"https:\/\/oxnchile.cl\/index.php\/wp-json\/wp\/v2\/types\/product"}],"wp:featuredmedia":[{"embeddable":true,"href":"https:\/\/oxnchile.cl\/index.php\/wp-json\/wp\/v2\/media\/7328"}],"wp:attachment":[{"href":"https:\/\/oxnchile.cl\/index.php\/wp-json\/wp\/v2\/media?parent=3686"}],"wp:term":[{"taxonomy":"product_brand","embeddable":true,"href":"https:\/\/oxnchile.cl\/index.php\/wp-json\/wp\/v2\/product_brand?post=3686"},{"taxonomy":"product_cat","embeddable":true,"href":"https:\/\/oxnchile.cl\/index.php\/wp-json\/wp\/v2\/product_cat?post=3686"},{"taxonomy":"product_tag","embeddable":true,"href":"https:\/\/oxnchile.cl\/index.php\/wp-json\/wp\/v2\/product_tag?post=3686"}],"curies":[{"name":"wp","href":"https:\/\/api.w.org\/{rel}","templated":true}]}}