{"id":3716,"date":"2024-03-25T01:07:13","date_gmt":"2024-03-25T04:07:13","guid":{"rendered":"https:\/\/oxnchile.cl\/?post_type=product&#038;p=3716"},"modified":"2026-04-15T20:46:08","modified_gmt":"2026-04-16T00:46:08","slug":"zapato-de-baby-futbol-futura-junior-3","status":"publish","type":"product","link":"https:\/\/oxnchile.cl\/index.php\/producto\/zapato-de-baby-futbol-futura-junior-3\/","title":{"rendered":"Zapato de baby f\u00fatbol Futura Junior"},"content":{"rendered":"<p>Zapato de baby f\u00fatbol Futura Junior<\/p>\n","protected":false},"excerpt":{"rendered":"<p style=\"text-align: justify\">Los Futura Junior, son ideales para los jugadores m\u00e1s j\u00f3venes que necesitan un zapato levemente m\u00e1s r\u00edgido, que requiere velocidad en sus movimientos con extra agarre. Su parte superior sint\u00e9tica texturada, presenta un calcet\u00edn de neopreno integrado para mejor sujeci\u00f3n y la suela de PVC viene con micro toperoles fijos.<\/p>\n<p><strong>Informaci\u00f3n t\u00e9cnica<\/strong><\/p>\n<ul>\n<li>Capellada: Material sint\u00e9tico texturado<\/li>\n<li>Plantilla: En EVA y extra\u00edble; facilita la limpieza<\/li>\n<li>Forro: Forro de material textil transpirable<\/li>\n<li>Suela: PVC con micro toperoles fijos que garantizan m\u00e1xima tracci\u00f3n, estabilidad y movimientos multidireccionales.<\/li>\n<li>Adecuado para: Superficies duras y pasto sint\u00e9tico<\/li>\n<li>Lengua: Integrada con calcet\u00edn de neopreno<\/li>\n<li>Origen: Brasil<\/li>\n<li>Ajuste: Cordones<\/li>\n<\/ul>\n","protected":false},"featured_media":7278,"template":"","meta":{"_acf_changed":false},"product_brand":[],"product_cat":[136,106,221,120],"product_tag":[],"class_list":{"0":"post-3716","1":"product","2":"type-product","3":"status-publish","4":"has-post-thumbnail","6":"product_cat-baby-futbol-infantil","7":"product_cat-calzado","8":"product_cat-dia-del-nino","9":"product_cat-infantil","11":"first","12":"instock","13":"sale","14":"shipping-taxable","15":"purchasable","16":"product-type-variable","17":"has-default-attributes","swatches":"rey-swatches","show_selected":""},"acf":[],"_links":{"self":[{"href":"https:\/\/oxnchile.cl\/index.php\/wp-json\/wp\/v2\/product\/3716","targetHints":{"allow":["GET"]}}],"collection":[{"href":"https:\/\/oxnchile.cl\/index.php\/wp-json\/wp\/v2\/product"}],"about":[{"href":"https:\/\/oxnchile.cl\/index.php\/wp-json\/wp\/v2\/types\/product"}],"wp:featuredmedia":[{"embeddable":true,"href":"https:\/\/oxnchile.cl\/index.php\/wp-json\/wp\/v2\/media\/7278"}],"wp:attachment":[{"href":"https:\/\/oxnchile.cl\/index.php\/wp-json\/wp\/v2\/media?parent=3716"}],"wp:term":[{"taxonomy":"product_brand","embeddable":true,"href":"https:\/\/oxnchile.cl\/index.php\/wp-json\/wp\/v2\/product_brand?post=3716"},{"taxonomy":"product_cat","embeddable":true,"href":"https:\/\/oxnchile.cl\/index.php\/wp-json\/wp\/v2\/product_cat?post=3716"},{"taxonomy":"product_tag","embeddable":true,"href":"https:\/\/oxnchile.cl\/index.php\/wp-json\/wp\/v2\/product_tag?post=3716"}],"curies":[{"name":"wp","href":"https:\/\/api.w.org\/{rel}","templated":true}]}}