{"id":3743,"date":"2024-03-25T01:07:18","date_gmt":"2024-03-25T04:07:18","guid":{"rendered":"https:\/\/oxnchile.cl\/?post_type=product&#038;p=3743"},"modified":"2026-04-18T16:13:41","modified_gmt":"2026-04-18T20:13:41","slug":"zapato-de-baby-futbol-velocity-2","status":"publish","type":"product","link":"https:\/\/oxnchile.cl\/index.php\/producto\/zapato-de-baby-futbol-velocity-2\/","title":{"rendered":"Zapato de baby f\u00fatbol Velocity"},"content":{"rendered":"<p>Zapato de baby f\u00fatbol Velocity adulto<\/p>\n","protected":false},"excerpt":{"rendered":"<p style=\"text-align: justify\">Los Velocity son ideales para los jugadores que necesitan un zapato levemente m\u00e1s r\u00edgido, que requiere velocidad en sus movimientos con extra agarre y alta sensibilidad con el bal\u00f3n. Su parte superior sint\u00e9tica texturada, presenta un calcet\u00edn de neopreno integrado para mejor sujeci\u00f3n y la suela de PVC viene con micro toperoles fijos para mayor estabilidad.<\/p>\n<p><strong>Informaci\u00f3n t\u00e9cnica<\/strong><\/p>\n<ul>\n<li>Capellada: Material sint\u00e9tico texturado<\/li>\n<li>Plantilla: En EVA y extra\u00edble; facilita la limpieza<\/li>\n<li>Forro: Forro de material textil transpirable<\/li>\n<li>Suela: PVC con micro toperoles fijos que garantizan m\u00e1xima tracci\u00f3n, estabilidad y movimientos multidireccionales<\/li>\n<li>Adecuado para: Superficies duras y pasto sint\u00e9tico<\/li>\n<li>Lengua: Integrada con calcet\u00edn de neopreno<\/li>\n<li>Origen: Brasil<\/li>\n<li>Ajuste: Cordones<\/li>\n<li>Peso aproximado: 500g para el par N\u00ba40<\/li>\n<\/ul>\n","protected":false},"featured_media":7286,"template":"","meta":{"_acf_changed":false},"product_brand":[],"product_cat":[107,118,106],"product_tag":[],"class_list":{"0":"post-3743","1":"product","2":"type-product","3":"status-publish","4":"has-post-thumbnail","6":"product_cat-adulto","7":"product_cat-baby-futbol","8":"product_cat-calzado","10":"first","11":"instock","12":"sale","13":"shipping-taxable","14":"purchasable","15":"product-type-variable","swatches":"rey-swatches","show_selected":""},"acf":[],"_links":{"self":[{"href":"https:\/\/oxnchile.cl\/index.php\/wp-json\/wp\/v2\/product\/3743","targetHints":{"allow":["GET"]}}],"collection":[{"href":"https:\/\/oxnchile.cl\/index.php\/wp-json\/wp\/v2\/product"}],"about":[{"href":"https:\/\/oxnchile.cl\/index.php\/wp-json\/wp\/v2\/types\/product"}],"wp:featuredmedia":[{"embeddable":true,"href":"https:\/\/oxnchile.cl\/index.php\/wp-json\/wp\/v2\/media\/7286"}],"wp:attachment":[{"href":"https:\/\/oxnchile.cl\/index.php\/wp-json\/wp\/v2\/media?parent=3743"}],"wp:term":[{"taxonomy":"product_brand","embeddable":true,"href":"https:\/\/oxnchile.cl\/index.php\/wp-json\/wp\/v2\/product_brand?post=3743"},{"taxonomy":"product_cat","embeddable":true,"href":"https:\/\/oxnchile.cl\/index.php\/wp-json\/wp\/v2\/product_cat?post=3743"},{"taxonomy":"product_tag","embeddable":true,"href":"https:\/\/oxnchile.cl\/index.php\/wp-json\/wp\/v2\/product_tag?post=3743"}],"curies":[{"name":"wp","href":"https:\/\/api.w.org\/{rel}","templated":true}]}}