{"id":5083,"date":"2024-07-01T14:56:52","date_gmt":"2024-07-01T18:56:52","guid":{"rendered":"https:\/\/oxnchile.cl\/?post_type=product&#038;p=5083"},"modified":"2026-03-25T15:11:20","modified_gmt":"2026-03-25T18:11:20","slug":"zapato-de-baby-futbol-fusion-grip-4","status":"publish","type":"product","link":"https:\/\/oxnchile.cl\/index.php\/producto\/zapato-de-baby-futbol-fusion-grip-4\/","title":{"rendered":"Zapato de Baby F\u00fatbol Fusion Grip 4"},"content":{"rendered":"<p>Zapato de Baby F\u00fatbol Fusion Grip 4<\/p>\n","protected":false},"excerpt":{"rendered":"<p>Para que destaques en el terreno de juego, OXN te ofrece los Fusion Grip 4, ideal para jugadores que buscan agilidad, velocidad y sensibilidad m\u00e1xima para mejor contacto con el bal\u00f3n. Su parte superior sint\u00e9tica texturada y la suela de PVC viene con micro toperoles fijos para mayor estabilidad.<\/p>\n<p><strong>Informaci\u00f3n t\u00e9cnica<\/strong><\/p>\n<ul>\n<li>Capellada: Material sint\u00e9tico.<\/li>\n<li>Plantilla: En EVA y extra\u00edble; facilita la limpieza.<\/li>\n<li>Forro: Forro de material textil transpirable.<\/li>\n<li>Suela: PVC con micro toperoles fijos que garantizan m\u00e1xima tracci\u00f3n, estabilidad y movimientos multidireccionales.<\/li>\n<li>Adecuado para: Superficies duras y pasto sint\u00e9tico.<\/li>\n<li>Origen: Brasil.<\/li>\n<li>Ajuste: Cordones.<\/li>\n<li>Peso aproximado: 650g para el par N\u00ba40.<\/li>\n<\/ul>\n","protected":false},"featured_media":8301,"template":"","meta":{"_acf_changed":false},"product_brand":[],"product_cat":[106,107,118],"product_tag":[],"class_list":{"0":"post-5083","1":"product","2":"type-product","3":"status-publish","4":"has-post-thumbnail","6":"product_cat-calzado","7":"product_cat-adulto","8":"product_cat-baby-futbol","10":"first","11":"instock","12":"sale","13":"shipping-taxable","14":"purchasable","15":"product-type-variable","16":"has-default-attributes","swatches":"rey-swatches","show_selected":""},"acf":[],"_links":{"self":[{"href":"https:\/\/oxnchile.cl\/index.php\/wp-json\/wp\/v2\/product\/5083","targetHints":{"allow":["GET"]}}],"collection":[{"href":"https:\/\/oxnchile.cl\/index.php\/wp-json\/wp\/v2\/product"}],"about":[{"href":"https:\/\/oxnchile.cl\/index.php\/wp-json\/wp\/v2\/types\/product"}],"wp:featuredmedia":[{"embeddable":true,"href":"https:\/\/oxnchile.cl\/index.php\/wp-json\/wp\/v2\/media\/8301"}],"wp:attachment":[{"href":"https:\/\/oxnchile.cl\/index.php\/wp-json\/wp\/v2\/media?parent=5083"}],"wp:term":[{"taxonomy":"product_brand","embeddable":true,"href":"https:\/\/oxnchile.cl\/index.php\/wp-json\/wp\/v2\/product_brand?post=5083"},{"taxonomy":"product_cat","embeddable":true,"href":"https:\/\/oxnchile.cl\/index.php\/wp-json\/wp\/v2\/product_cat?post=5083"},{"taxonomy":"product_tag","embeddable":true,"href":"https:\/\/oxnchile.cl\/index.php\/wp-json\/wp\/v2\/product_tag?post=5083"}],"curies":[{"name":"wp","href":"https:\/\/api.w.org\/{rel}","templated":true}]}}