{"id":5683,"date":"2024-12-02T11:37:19","date_gmt":"2024-12-02T14:37:19","guid":{"rendered":"https:\/\/oxnchile.cl\/?post_type=product&#038;p=5683"},"modified":"2026-03-30T08:04:29","modified_gmt":"2026-03-30T11:04:29","slug":"genio-3","status":"publish","type":"product","link":"https:\/\/oxnchile.cl\/index.php\/producto\/genio-3\/","title":{"rendered":"ZAPATOS DE FUTBOL GENIO 3"},"content":{"rendered":"<p>ZAPATOS DE FUTBOL GENIO 3 ADULTO<\/p>\n","protected":false},"excerpt":{"rendered":"<p>Descubre el zapato de f\u00fatbol Genio 3 de OXN, el zapato que brinda resistencia, sensibilidad m\u00e1xima, velocidad y agilidad durante los partidos en el campo. Tiene una parte superior sint\u00e9tica texturada, un forro textil acolchado y una suela de PVC con toperoles fijos y circulares que garantizan m\u00e1xima tracci\u00f3n, estabilidad y movimientos multidireccionales.<\/p>\n<p><\/p>\n<p><b>Informaci\u00f3n T\u00e9cnica:<br \/><\/b><\/p>\n<p>\u2022Capellada: PU texturado<\/p>\n<p><\/p>\n<p>\u2022Plantilla: En EVA y extra\u00edble<\/p>\n<p><\/p>\n<p>\u2022Forro: Material textil transpirable 100% poli\u00e9ster<\/p>\n<p><\/p>\n<p>\u2022Suela: PVC con toperoles fijos<\/p>\n<p><\/p>\n<p>\u2022Origen: Brasil<\/p>\n<p><\/p>\n<p>\u2022Adecuado para: Todo tipo de terreno<\/p>\n<p><\/p>\n","protected":false},"featured_media":8694,"template":"","meta":{"_acf_changed":false},"product_brand":[],"product_cat":[106,107,109,218],"product_tag":[],"class_list":{"0":"post-5683","1":"product","2":"type-product","3":"status-publish","4":"has-post-thumbnail","6":"product_cat-calzado","7":"product_cat-adulto","8":"product_cat-futbol","9":"product_cat-sale","11":"first","12":"instock","13":"sale","14":"shipping-taxable","15":"purchasable","16":"product-type-variable","swatches":"rey-swatches","show_selected":""},"acf":[],"_links":{"self":[{"href":"https:\/\/oxnchile.cl\/index.php\/wp-json\/wp\/v2\/product\/5683","targetHints":{"allow":["GET"]}}],"collection":[{"href":"https:\/\/oxnchile.cl\/index.php\/wp-json\/wp\/v2\/product"}],"about":[{"href":"https:\/\/oxnchile.cl\/index.php\/wp-json\/wp\/v2\/types\/product"}],"wp:featuredmedia":[{"embeddable":true,"href":"https:\/\/oxnchile.cl\/index.php\/wp-json\/wp\/v2\/media\/8694"}],"wp:attachment":[{"href":"https:\/\/oxnchile.cl\/index.php\/wp-json\/wp\/v2\/media?parent=5683"}],"wp:term":[{"taxonomy":"product_brand","embeddable":true,"href":"https:\/\/oxnchile.cl\/index.php\/wp-json\/wp\/v2\/product_brand?post=5683"},{"taxonomy":"product_cat","embeddable":true,"href":"https:\/\/oxnchile.cl\/index.php\/wp-json\/wp\/v2\/product_cat?post=5683"},{"taxonomy":"product_tag","embeddable":true,"href":"https:\/\/oxnchile.cl\/index.php\/wp-json\/wp\/v2\/product_tag?post=5683"}],"curies":[{"name":"wp","href":"https:\/\/api.w.org\/{rel}","templated":true}]}}