{"id":5725,"date":"2024-12-02T12:39:00","date_gmt":"2024-12-02T15:39:00","guid":{"rendered":"https:\/\/oxnchile.cl\/?post_type=product&#038;p=5725"},"modified":"2026-03-25T15:01:28","modified_gmt":"2026-03-25T18:01:28","slug":"rayo-md-2","status":"publish","type":"product","link":"https:\/\/oxnchile.cl\/index.php\/producto\/rayo-md-2\/","title":{"rendered":"ZAPATOS DE FUTBOL RAYO MD ADULTO"},"content":{"rendered":"<p>ZAPATOS DE FUTBOL RAYO MD ADULTO<\/p>\n","protected":false},"excerpt":{"rendered":"<p><span style=\"font-family: Lato, Arial, sans-serif;font-size: 14px;font-style: normal;font-weight: 400;letter-spacing: normal;text-align: start;text-indent: 0px;text-transform: none;white-space: normal;display: inline !important;float: none\">Los&nbsp;<\/span><b style=\"font-weight: 700;font-family: Lato, Arial, sans-serif;font-size: 14px;font-style: normal;letter-spacing: normal;text-align: start;text-indent: 0px;text-transform: none;white-space: normal\">Rayo MD&nbsp;<\/b><span style=\"font-family: Lato, Arial, sans-serif;font-size: 14px;font-style: normal;font-weight: 400;letter-spacing: normal;text-align: start;text-indent: 0px;text-transform: none;white-space: normal;display: inline !important;float: none\">son ideales para jugadores que buscan un zapato de uso diario con alta resistencia a la fricci\u00f3n y buena sensibilidad con el bal\u00f3n. Cuentan con una parte superior de material sint\u00e9tico texturado y un forro interior ligeramente acolchado, brindando estabilidad y comodidad. Finalmente, la suela de PVC cosida, viene con toperoles fijos micro texturados, asegurando la m\u00e1xima tracci\u00f3n y precisi\u00f3n en la patada.<\/span><br style=\"font-family: Lato, Arial, sans-serif;font-size: 14px;font-style: normal;font-weight: 400;letter-spacing: normal;text-align: start;text-indent: 0px;text-transform: none;white-space: normal\"><br style=\"font-family: Lato, Arial, sans-serif;font-size: 14px;font-style: normal;font-weight: 400;letter-spacing: normal;text-align: start;text-indent: 0px;text-transform: none;white-space: normal\"><b style=\"font-weight: 700;font-family: Lato, Arial, sans-serif;font-size: 14px;font-style: normal;letter-spacing: normal;text-align: start;text-indent: 0px;text-transform: none;white-space: normal\">Informaci\u00f3n T\u00e9cnica:<br \/><\/b><span style=\"font-family: Lato, Arial, sans-serif;font-size: 14px;font-style: normal;font-weight: 400;letter-spacing: normal;text-align: start;text-indent: 0px;text-transform: none;white-space: normal;display: inline !important;float: none\">\u2022Capellada: PU texturado<\/span><br style=\"font-family: Lato, Arial, sans-serif;font-size: 14px;font-style: normal;font-weight: 400;letter-spacing: normal;text-align: start;text-indent: 0px;text-transform: none;white-space: normal\"><span style=\"font-family: Lato, Arial, sans-serif;font-size: 14px;font-style: normal;font-weight: 400;letter-spacing: normal;text-align: start;text-indent: 0px;text-transform: none;white-space: normal;display: inline !important;float: none\">\u2022Plantilla: En EVA y extra\u00edble<\/span><br style=\"font-family: Lato, Arial, sans-serif;font-size: 14px;font-style: normal;font-weight: 400;letter-spacing: normal;text-align: start;text-indent: 0px;text-transform: none;white-space: normal\"><span style=\"font-family: Lato, Arial, sans-serif;font-size: 14px;font-style: normal;font-weight: 400;letter-spacing: normal;text-align: start;text-indent: 0px;text-transform: none;white-space: normal;display: inline !important;float: none\">\u2022Forro: Material textil transpirable 100% poli\u00e9ster<\/span><br style=\"font-family: Lato, Arial, sans-serif;font-size: 14px;font-style: normal;font-weight: 400;letter-spacing: normal;text-align: start;text-indent: 0px;text-transform: none;white-space: normal\"><span style=\"font-family: Lato, Arial, sans-serif;font-size: 14px;font-style: normal;font-weight: 400;letter-spacing: normal;text-align: start;text-indent: 0px;text-transform: none;white-space: normal;display: inline !important;float: none\">\u2022Suela: PVC con toperoles fijos y cosida<\/span><br style=\"font-family: Lato, Arial, sans-serif;font-size: 14px;font-style: normal;font-weight: 400;letter-spacing: normal;text-align: start;text-indent: 0px;text-transform: none;white-space: normal\"><span style=\"font-family: Lato, Arial, sans-serif;font-size: 14px;font-style: normal;font-weight: 400;letter-spacing: normal;text-align: start;text-indent: 0px;text-transform: none;white-space: normal;display: inline !important;float: none\">\u2022Origen: Brasil<\/span><br style=\"font-family: Lato, Arial, sans-serif;font-size: 14px;font-style: normal;font-weight: 400;letter-spacing: normal;text-align: start;text-indent: 0px;text-transform: none;white-space: normal\"><span style=\"font-family: Lato, Arial, sans-serif;font-size: 14px;font-style: normal;font-weight: 400;letter-spacing: normal;text-align: start;text-indent: 0px;text-transform: none;white-space: normal;display: inline !important;float: none\">\u2022Adecuado para: Todo tipo de terreno<\/span><!--EndFragment--><\/p>\n<p><\/p>\n","protected":false},"featured_media":8705,"template":"","meta":{"_acf_changed":false},"product_brand":[],"product_cat":[106,107,109,218],"product_tag":[],"class_list":{"0":"post-5725","1":"product","2":"type-product","3":"status-publish","4":"has-post-thumbnail","6":"product_cat-calzado","7":"product_cat-adulto","8":"product_cat-futbol","9":"product_cat-sale","11":"first","12":"instock","13":"sale","14":"shipping-taxable","15":"purchasable","16":"product-type-variable","swatches":"rey-swatches","show_selected":""},"acf":[],"_links":{"self":[{"href":"https:\/\/oxnchile.cl\/index.php\/wp-json\/wp\/v2\/product\/5725","targetHints":{"allow":["GET"]}}],"collection":[{"href":"https:\/\/oxnchile.cl\/index.php\/wp-json\/wp\/v2\/product"}],"about":[{"href":"https:\/\/oxnchile.cl\/index.php\/wp-json\/wp\/v2\/types\/product"}],"wp:featuredmedia":[{"embeddable":true,"href":"https:\/\/oxnchile.cl\/index.php\/wp-json\/wp\/v2\/media\/8705"}],"wp:attachment":[{"href":"https:\/\/oxnchile.cl\/index.php\/wp-json\/wp\/v2\/media?parent=5725"}],"wp:term":[{"taxonomy":"product_brand","embeddable":true,"href":"https:\/\/oxnchile.cl\/index.php\/wp-json\/wp\/v2\/product_brand?post=5725"},{"taxonomy":"product_cat","embeddable":true,"href":"https:\/\/oxnchile.cl\/index.php\/wp-json\/wp\/v2\/product_cat?post=5725"},{"taxonomy":"product_tag","embeddable":true,"href":"https:\/\/oxnchile.cl\/index.php\/wp-json\/wp\/v2\/product_tag?post=5725"}],"curies":[{"name":"wp","href":"https:\/\/api.w.org\/{rel}","templated":true}]}}