{"id":5795,"date":"2024-12-02T13:55:12","date_gmt":"2024-12-02T16:55:12","guid":{"rendered":"https:\/\/oxnchile.cl\/?post_type=product&#038;p=5795"},"modified":"2026-03-24T17:18:59","modified_gmt":"2026-03-24T20:18:59","slug":"genio-4","status":"publish","type":"product","link":"https:\/\/oxnchile.cl\/index.php\/producto\/genio-4\/","title":{"rendered":"ZAPATOS DE FUTBOL GENIO 4"},"content":{"rendered":"<p>Descubre Genio 4 de OXN, el zapato liviano que brinda resistencia, sensibilidad m\u00e1xima, velocidad y agilidad durante los partidos en el campo. Tiene una parte superior sint\u00e9tica texturada, un forro interno textil acolchado y una suela de PVC con toperoles fijos y circulares que garantizan m\u00e1xima tracci\u00f3n, estabilidad y movimientos multidireccionales.<\/p>\n<p>Informaci\u00f3n T\u00e9cnica:<br \/>\n\u2022Capellada: PU texturado<br \/>\n\u2022Plantilla: En EVA y extra\u00edble<br \/>\n\u2022Forro: Material textil transpirable 100% poli\u00e9ster<br \/>\n\u2022Suela: PVC con toperoles fijos<br \/>\n\u2022Origen: Brasil<br \/>\n\u2022Adecuado para: Todo tipo de terreno<\/p>\n","protected":false},"excerpt":{"rendered":"<p><span style=\"font-family: Lato, Arial, sans-serif;font-size: 14px;font-style: normal;font-weight: 400;letter-spacing: normal;text-align: start;text-indent: 0px;text-transform: none;white-space: normal;display: inline !important;float: none\">\u200bDescubre&nbsp;<\/span><b style=\"font-weight: 700;font-family: Lato, Arial, sans-serif;font-size: 14px;font-style: normal;letter-spacing: normal;text-align: start;text-indent: 0px;text-transform: none;white-space: normal\">Genio 4 de OXN<\/b><span style=\"font-family: Lato, Arial, sans-serif;font-size: 14px;font-style: normal;font-weight: 400;letter-spacing: normal;text-align: start;text-indent: 0px;text-transform: none;white-space: normal;display: inline !important;float: none\">, el zapato liviano que brinda resistencia, sensibilidad m\u00e1xima, velocidad y agilidad durante los partidos en el campo. Tiene una parte superior sint\u00e9tica texturada, un forro interno textil acolchado y una suela de PVC con toperoles fijos y circulares que garantizan m\u00e1xima tracci\u00f3n, estabilidad y movimientos multidireccionales.<\/span><br style=\"font-family: Lato, Arial, sans-serif;font-size: 14px;font-style: normal;font-weight: 400;letter-spacing: normal;text-align: start;text-indent: 0px;text-transform: none;white-space: normal\"><br style=\"font-family: Lato, Arial, sans-serif;font-size: 14px;font-style: normal;font-weight: 400;letter-spacing: normal;text-align: start;text-indent: 0px;text-transform: none;white-space: normal\"><b style=\"font-weight: 700;font-family: Lato, Arial, sans-serif;font-size: 14px;font-style: normal;letter-spacing: normal;text-align: start;text-indent: 0px;text-transform: none;white-space: normal\">Informaci\u00f3n T\u00e9cnica:<br \/><\/b><span style=\"font-family: Lato, Arial, sans-serif;font-size: 14px;font-style: normal;font-weight: 400;letter-spacing: normal;text-align: start;text-indent: 0px;text-transform: none;white-space: normal;display: inline !important;float: none\">\u2022Capellada: PU texturado<\/span><br style=\"font-family: Lato, Arial, sans-serif;font-size: 14px;font-style: normal;font-weight: 400;letter-spacing: normal;text-align: start;text-indent: 0px;text-transform: none;white-space: normal\"><span style=\"font-family: Lato, Arial, sans-serif;font-size: 14px;font-style: normal;font-weight: 400;letter-spacing: normal;text-align: start;text-indent: 0px;text-transform: none;white-space: normal;display: inline !important;float: none\">\u2022Plantilla: En EVA y extra\u00edble<\/span><br style=\"font-family: Lato, Arial, sans-serif;font-size: 14px;font-style: normal;font-weight: 400;letter-spacing: normal;text-align: start;text-indent: 0px;text-transform: none;white-space: normal\"><span style=\"font-family: Lato, Arial, sans-serif;font-size: 14px;font-style: normal;font-weight: 400;letter-spacing: normal;text-align: start;text-indent: 0px;text-transform: none;white-space: normal;display: inline !important;float: none\">\u2022Forro: Material textil transpirable 100% poli\u00e9ster<\/span><br style=\"font-family: Lato, Arial, sans-serif;font-size: 14px;font-style: normal;font-weight: 400;letter-spacing: normal;text-align: start;text-indent: 0px;text-transform: none;white-space: normal\"><span style=\"font-family: Lato, Arial, sans-serif;font-size: 14px;font-style: normal;font-weight: 400;letter-spacing: normal;text-align: start;text-indent: 0px;text-transform: none;white-space: normal;display: inline !important;float: none\">\u2022Suela: PVC con toperoles fijos<\/span><br style=\"font-family: Lato, Arial, sans-serif;font-size: 14px;font-style: normal;font-weight: 400;letter-spacing: normal;text-align: start;text-indent: 0px;text-transform: none;white-space: normal\"><span style=\"font-family: Lato, Arial, sans-serif;font-size: 14px;font-style: normal;font-weight: 400;letter-spacing: normal;text-align: start;text-indent: 0px;text-transform: none;white-space: normal;display: inline !important;float: none\">\u2022Origen: Brasil<\/span><br style=\"font-family: Lato, Arial, sans-serif;font-size: 14px;font-style: normal;font-weight: 400;letter-spacing: normal;text-align: start;text-indent: 0px;text-transform: none;white-space: normal\"><span style=\"font-family: Lato, Arial, sans-serif;font-size: 14px;font-style: normal;font-weight: 400;letter-spacing: normal;text-align: start;text-indent: 0px;text-transform: none;white-space: normal;display: inline !important;float: none\">\u2022Adecuado para: Todo tipo de terreno<\/span><!--EndFragment--><\/p>\n<p><\/p>\n","protected":false},"featured_media":8698,"template":"","meta":{"_acf_changed":false},"product_brand":[],"product_cat":[106,107,109,218],"product_tag":[],"class_list":{"0":"post-5795","1":"product","2":"type-product","3":"status-publish","4":"has-post-thumbnail","6":"product_cat-calzado","7":"product_cat-adulto","8":"product_cat-futbol","9":"product_cat-sale","11":"first","12":"instock","13":"sale","14":"shipping-taxable","15":"purchasable","16":"product-type-variable","swatches":"rey-swatches","show_selected":""},"acf":[],"_links":{"self":[{"href":"https:\/\/oxnchile.cl\/index.php\/wp-json\/wp\/v2\/product\/5795","targetHints":{"allow":["GET"]}}],"collection":[{"href":"https:\/\/oxnchile.cl\/index.php\/wp-json\/wp\/v2\/product"}],"about":[{"href":"https:\/\/oxnchile.cl\/index.php\/wp-json\/wp\/v2\/types\/product"}],"wp:featuredmedia":[{"embeddable":true,"href":"https:\/\/oxnchile.cl\/index.php\/wp-json\/wp\/v2\/media\/8698"}],"wp:attachment":[{"href":"https:\/\/oxnchile.cl\/index.php\/wp-json\/wp\/v2\/media?parent=5795"}],"wp:term":[{"taxonomy":"product_brand","embeddable":true,"href":"https:\/\/oxnchile.cl\/index.php\/wp-json\/wp\/v2\/product_brand?post=5795"},{"taxonomy":"product_cat","embeddable":true,"href":"https:\/\/oxnchile.cl\/index.php\/wp-json\/wp\/v2\/product_cat?post=5795"},{"taxonomy":"product_tag","embeddable":true,"href":"https:\/\/oxnchile.cl\/index.php\/wp-json\/wp\/v2\/product_tag?post=5795"}],"curies":[{"name":"wp","href":"https:\/\/api.w.org\/{rel}","templated":true}]}}