{"id":6267,"date":"2025-01-31T11:11:31","date_gmt":"2025-01-31T14:11:31","guid":{"rendered":"https:\/\/oxnchile.cl\/?post_type=product&#038;p=6267"},"modified":"2026-04-20T10:29:10","modified_gmt":"2026-04-20T14:29:10","slug":"guantes-oxn-futura-pro-negro-naranja","status":"publish","type":"product","link":"https:\/\/oxnchile.cl\/index.php\/producto\/guantes-oxn-futura-pro-negro-naranja\/","title":{"rendered":"GUANTES OXN FUTURA PRO"},"content":{"rendered":"<p>GUANTES OXN FUTURA PRO<\/p>\n","protected":false},"excerpt":{"rendered":"<p><strong> GUANTES OXN FUTURA PRO NEGRO\/NARANJA<\/strong><\/p>\n<p style=\"text-align: justify\">Guante profesional con aplicaci\u00f3n de silicona en el dorso con peque\u00f1os m\u00f3dulos de goma separados, que proporcionan flexibilidad y ligereza. Al mismo tiempo, entregan el apoyo y estabilidad necesarios para atrapar y golpear. Con mu\u00f1equera de ajuste para un calce perfecto. Futura Pro de OXN, es un guante con palma de l\u00e1tex para una excelente absorci\u00f3n de impactos, buen agarre, resistencia a la abrasi\u00f3n, gran comodidad de uso y transpirabilidad.<\/p>\n<p><strong>Informaci\u00f3n T\u00e9cnica:<\/strong><br \/>\u2022Tallas disponibles: T8 &#8211; T9 &#8211; T10 &#8211; T11<br \/>\u2022Composici\u00f3n: L\u00e1tex alem\u00e1n, PU, Poli\u00e9ster, PVC<br \/>\u2022Origen: Pakist\u00e1n<br \/>\u2022Adecuado para: Terrenos blandos<\/p>\n<p>&nbsp;<\/p>\n","protected":false},"featured_media":8623,"template":"","meta":{"_acf_changed":false},"product_brand":[],"product_cat":[123,137,204],"product_tag":[],"class_list":{"0":"post-6267","1":"product","2":"type-product","3":"status-publish","4":"has-post-thumbnail","6":"product_cat-accesorios","7":"product_cat-equipamiento","8":"product_cat-guantes-de-arquero","10":"first","11":"instock","12":"sale","13":"shipping-taxable","14":"purchasable","15":"product-type-variable","16":"has-default-attributes","swatches":"rey-swatches","show_selected":""},"acf":[],"_links":{"self":[{"href":"https:\/\/oxnchile.cl\/index.php\/wp-json\/wp\/v2\/product\/6267","targetHints":{"allow":["GET"]}}],"collection":[{"href":"https:\/\/oxnchile.cl\/index.php\/wp-json\/wp\/v2\/product"}],"about":[{"href":"https:\/\/oxnchile.cl\/index.php\/wp-json\/wp\/v2\/types\/product"}],"wp:featuredmedia":[{"embeddable":true,"href":"https:\/\/oxnchile.cl\/index.php\/wp-json\/wp\/v2\/media\/8623"}],"wp:attachment":[{"href":"https:\/\/oxnchile.cl\/index.php\/wp-json\/wp\/v2\/media?parent=6267"}],"wp:term":[{"taxonomy":"product_brand","embeddable":true,"href":"https:\/\/oxnchile.cl\/index.php\/wp-json\/wp\/v2\/product_brand?post=6267"},{"taxonomy":"product_cat","embeddable":true,"href":"https:\/\/oxnchile.cl\/index.php\/wp-json\/wp\/v2\/product_cat?post=6267"},{"taxonomy":"product_tag","embeddable":true,"href":"https:\/\/oxnchile.cl\/index.php\/wp-json\/wp\/v2\/product_tag?post=6267"}],"curies":[{"name":"wp","href":"https:\/\/api.w.org\/{rel}","templated":true}]}}