{"id":6286,"date":"2025-01-31T11:22:40","date_gmt":"2025-01-31T14:22:40","guid":{"rendered":"https:\/\/oxnchile.cl\/?post_type=product&#038;p=6286"},"modified":"2026-04-20T10:31:14","modified_gmt":"2026-04-20T14:31:14","slug":"guantes-oxn-classic","status":"publish","type":"product","link":"https:\/\/oxnchile.cl\/index.php\/producto\/guantes-oxn-classic\/","title":{"rendered":"GUANTES OXN CLASSIC"},"content":{"rendered":"<p>GUANTES OXN CLASSIC<\/p>\n","protected":false},"excerpt":{"rendered":"<p><strong> GUANTES OXN CLASSIC NEGRO\/ROSADO\/PLATA<\/strong><\/p>\n<p style=\"text-align: justify\">Guantes de arquero livianos y flexibles, confeccionados en cuero sint\u00e9tico de alta resistencia, combinado con una malla que entrega transpirabilidad, con costuras negativas y mu\u00f1equera para mejor calce. OXN Classic, es un guante de uso recreacional que te acompa\u00f1ar\u00e1 en todos los terrenos de juego.<\/p>\n<p><strong>Informaci\u00f3n T\u00e9cnica:<\/strong><br \/>\u2022Tallas disponibles: T8 &#8211; T9 &#8211; T10 &#8211; T11<br \/>\u2022Composici\u00f3n: PU, Poli\u00e9ster, PVC<br \/>\u2022Origen: Pakist\u00e1n<br \/>\u2022Adecuado para: Todo tipo de terreno<\/p>\n<p>&nbsp;<\/p>\n","protected":false},"featured_media":8621,"template":"","meta":{"_acf_changed":false},"product_brand":[],"product_cat":[123,137,204],"product_tag":[],"class_list":{"0":"post-6286","1":"product","2":"type-product","3":"status-publish","4":"has-post-thumbnail","6":"product_cat-accesorios","7":"product_cat-equipamiento","8":"product_cat-guantes-de-arquero","10":"first","11":"instock","12":"sale","13":"shipping-taxable","14":"purchasable","15":"product-type-variable","16":"has-default-attributes","swatches":"rey-swatches","show_selected":""},"acf":[],"_links":{"self":[{"href":"https:\/\/oxnchile.cl\/index.php\/wp-json\/wp\/v2\/product\/6286","targetHints":{"allow":["GET"]}}],"collection":[{"href":"https:\/\/oxnchile.cl\/index.php\/wp-json\/wp\/v2\/product"}],"about":[{"href":"https:\/\/oxnchile.cl\/index.php\/wp-json\/wp\/v2\/types\/product"}],"wp:featuredmedia":[{"embeddable":true,"href":"https:\/\/oxnchile.cl\/index.php\/wp-json\/wp\/v2\/media\/8621"}],"wp:attachment":[{"href":"https:\/\/oxnchile.cl\/index.php\/wp-json\/wp\/v2\/media?parent=6286"}],"wp:term":[{"taxonomy":"product_brand","embeddable":true,"href":"https:\/\/oxnchile.cl\/index.php\/wp-json\/wp\/v2\/product_brand?post=6286"},{"taxonomy":"product_cat","embeddable":true,"href":"https:\/\/oxnchile.cl\/index.php\/wp-json\/wp\/v2\/product_cat?post=6286"},{"taxonomy":"product_tag","embeddable":true,"href":"https:\/\/oxnchile.cl\/index.php\/wp-json\/wp\/v2\/product_tag?post=6286"}],"curies":[{"name":"wp","href":"https:\/\/api.w.org\/{rel}","templated":true}]}}