{"id":6325,"date":"2025-01-31T12:05:00","date_gmt":"2025-01-31T15:05:00","guid":{"rendered":"https:\/\/oxnchile.cl\/?post_type=product&#038;p=6325"},"modified":"2026-04-20T20:37:27","modified_gmt":"2026-04-21T00:37:27","slug":"guantes-oxn-spartak-junior","status":"publish","type":"product","link":"https:\/\/oxnchile.cl\/index.php\/producto\/guantes-oxn-spartak-junior\/","title":{"rendered":"GUANTES OXN SPARTAK &#8211; JUNIOR"},"content":{"rendered":"<p>GUANTES OXN SPARTAK &#8211; JUNIOR<\/p>\n","protected":false},"excerpt":{"rendered":"<p><strong> GUANTES OXN SPARTAK JUNIOR NEGRO\/NARANJA\/PLATA<\/strong><\/p>\n<p style=\"text-align: justify\">Guantes de arquero junior livianos y flexibles, confeccionados en cuero sint\u00e9tico de alta resistencia, combinado con una malla de alta transpirabilidad, con costuras negativas y mu\u00f1equera para mejor calce. OXN Spartak Junior, es un guante de excelente calce, especialmente dise\u00f1ado para los jugadores m\u00e1s j\u00f3venes.<\/p>\n<p>&nbsp;<\/p>\n<p style=\"text-align: justify\"><strong>Informaci\u00f3n T\u00e9cnica:<\/strong><br \/>\u2022Tallas disponibles: T4 &#8211; T5 &#8211; T6 &#8211; T7<br \/>\u2022Composici\u00f3n: PU, Poli\u00e9ster, PVC<br \/>\u2022Origen: Pakist\u00e1n<br \/>\u2022Adecuado para: Todo tipo de terreno<\/p>\n","protected":false},"featured_media":8612,"template":"","meta":{"_acf_changed":false},"product_brand":[],"product_cat":[123,221,137,203],"product_tag":[],"class_list":{"0":"post-6325","1":"product","2":"type-product","3":"status-publish","4":"has-post-thumbnail","6":"product_cat-accesorios","7":"product_cat-dia-del-nino","8":"product_cat-equipamiento","9":"product_cat-guantes-de-arquero-junior","11":"first","12":"instock","13":"sale","14":"shipping-taxable","15":"purchasable","16":"product-type-variable","swatches":"rey-swatches","show_selected":""},"acf":[],"_links":{"self":[{"href":"https:\/\/oxnchile.cl\/index.php\/wp-json\/wp\/v2\/product\/6325","targetHints":{"allow":["GET"]}}],"collection":[{"href":"https:\/\/oxnchile.cl\/index.php\/wp-json\/wp\/v2\/product"}],"about":[{"href":"https:\/\/oxnchile.cl\/index.php\/wp-json\/wp\/v2\/types\/product"}],"wp:featuredmedia":[{"embeddable":true,"href":"https:\/\/oxnchile.cl\/index.php\/wp-json\/wp\/v2\/media\/8612"}],"wp:attachment":[{"href":"https:\/\/oxnchile.cl\/index.php\/wp-json\/wp\/v2\/media?parent=6325"}],"wp:term":[{"taxonomy":"product_brand","embeddable":true,"href":"https:\/\/oxnchile.cl\/index.php\/wp-json\/wp\/v2\/product_brand?post=6325"},{"taxonomy":"product_cat","embeddable":true,"href":"https:\/\/oxnchile.cl\/index.php\/wp-json\/wp\/v2\/product_cat?post=6325"},{"taxonomy":"product_tag","embeddable":true,"href":"https:\/\/oxnchile.cl\/index.php\/wp-json\/wp\/v2\/product_tag?post=6325"}],"curies":[{"name":"wp","href":"https:\/\/api.w.org\/{rel}","templated":true}]}}