{"id":6401,"date":"2025-03-21T13:22:18","date_gmt":"2025-03-21T16:22:18","guid":{"rendered":"https:\/\/oxnchile.cl\/?post_type=product&#038;p=6401"},"modified":"2026-03-25T15:15:39","modified_gmt":"2026-03-25T18:15:39","slug":"balon-de-futbol-veloster-pro-5","status":"publish","type":"product","link":"https:\/\/oxnchile.cl\/index.php\/producto\/balon-de-futbol-veloster-pro-5\/","title":{"rendered":"BALON DE FUTBOL VELOSTER PRO #5"},"content":{"rendered":"<p>BALON DE FUTBOL VELOSTER PRO #5<\/p>\n","protected":false},"excerpt":{"rendered":"<p><strong>BALON DE FUTBOL OXN &#8211; VELOSTER PRO #5<\/strong><\/p>\n<p>El Classic de OXN es un bal\u00f3n de f\u00fatbol para todo tipo de terreno, cosido a m\u00e1quina, de 32 paneles, construcci\u00f3n multi capa.<\/p>\n<p>Un bal\u00f3n que puedes llevar a tus entrenamientos y partidos de liga.<\/p>\n<p><strong>Informaci\u00f3n T\u00e9cnica:<\/strong><br \/>\u2022Uso: Entrenamiento, Partidos de liga<br \/>\u2022Talla: #5<br \/>\u2022Circunferencia: 685-695 mm<br \/>\u2022Construcci\u00f3n: 32 paneles cosidos a m\u00e1quina<br \/>\u2022Composici\u00f3n: TPU, L\u00e1tex, Poli\u00e9ster<br \/>\u2022Peso: 440-460 gr<br \/>\u2022Origen: Pakist\u00e1n<br \/>\u2022Adecuado para: Todo tipo de terreno<\/p>\n","protected":false},"featured_media":8307,"template":"","meta":{"_acf_changed":false},"product_brand":[],"product_cat":[221,146],"product_tag":[],"class_list":{"0":"post-6401","1":"product","2":"type-product","3":"status-publish","4":"has-post-thumbnail","6":"product_cat-dia-del-nino","7":"product_cat-futbol-balones","9":"first","10":"instock","11":"sale","12":"shipping-taxable","13":"purchasable","14":"product-type-simple","swatches":"rey-swatches","show_selected":""},"acf":[],"_links":{"self":[{"href":"https:\/\/oxnchile.cl\/index.php\/wp-json\/wp\/v2\/product\/6401","targetHints":{"allow":["GET"]}}],"collection":[{"href":"https:\/\/oxnchile.cl\/index.php\/wp-json\/wp\/v2\/product"}],"about":[{"href":"https:\/\/oxnchile.cl\/index.php\/wp-json\/wp\/v2\/types\/product"}],"wp:featuredmedia":[{"embeddable":true,"href":"https:\/\/oxnchile.cl\/index.php\/wp-json\/wp\/v2\/media\/8307"}],"wp:attachment":[{"href":"https:\/\/oxnchile.cl\/index.php\/wp-json\/wp\/v2\/media?parent=6401"}],"wp:term":[{"taxonomy":"product_brand","embeddable":true,"href":"https:\/\/oxnchile.cl\/index.php\/wp-json\/wp\/v2\/product_brand?post=6401"},{"taxonomy":"product_cat","embeddable":true,"href":"https:\/\/oxnchile.cl\/index.php\/wp-json\/wp\/v2\/product_cat?post=6401"},{"taxonomy":"product_tag","embeddable":true,"href":"https:\/\/oxnchile.cl\/index.php\/wp-json\/wp\/v2\/product_tag?post=6401"}],"curies":[{"name":"wp","href":"https:\/\/api.w.org\/{rel}","templated":true}]}}