{"id":6445,"date":"2025-03-27T13:52:19","date_gmt":"2025-03-27T16:52:19","guid":{"rendered":"https:\/\/oxnchile.cl\/?post_type=product&#038;p=6445"},"modified":"2026-03-25T15:17:00","modified_gmt":"2026-03-25T18:17:00","slug":"balon-de-futsal-oxn-speed-4","status":"publish","type":"product","link":"https:\/\/oxnchile.cl\/index.php\/producto\/balon-de-futsal-oxn-speed-4\/","title":{"rendered":"BALON DE FUTSAL OXN SPEED #4"},"content":{"rendered":"<p>BALON DE FUTSAL OXN SPEED #4<\/p>\n","protected":false},"excerpt":{"rendered":"<p style=\"text-align: justify\">El bal\u00f3n de futsal OXN Speed est\u00e1 dise\u00f1ado para ofrecer un rendimiento excepcional en cada jugada. Cosido a m\u00e1quina, de 32 paneles, con construcci\u00f3n multi capa. Este resistente bal\u00f3n de bote bajo, es perfecto para jugar en superficies como cemento, hormig\u00f3n, madera, pisos sint\u00e9ticos y c\u00e9sped sint\u00e9tico.<\/p>\n<p><strong>Informaci\u00f3n T\u00e9cnica:<\/strong><br \/>\u2022Uso: Futsal \/ Indoor<br \/>\u2022Talla: #4<br \/>\u2022Circunferencia: 630-660 mm<br \/>\u2022Construcci\u00f3n: 32 paneles cosidos a m\u00e1quina<br \/>\u2022Composici\u00f3n: TPU, L\u00e1tex, Poli\u00e9ster<br \/>\u2022Peso: 420-445 gr<br \/>\u2022Bote: Bajo<br \/>\u2022Origen: Pakist\u00e1n<br \/>\u2022Adecuado para: Cemento, hormig\u00f3n, madera, pisos sint\u00e9ticos y c\u00e9sped sint\u00e9tico.<\/p>\n","protected":false},"featured_media":7224,"template":"","meta":{"_acf_changed":false},"product_brand":[],"product_cat":[221,148],"product_tag":[],"class_list":{"0":"post-6445","1":"product","2":"type-product","3":"status-publish","4":"has-post-thumbnail","6":"product_cat-dia-del-nino","7":"product_cat-futsal-indoor","9":"first","10":"instock","11":"sale","12":"shipping-taxable","13":"purchasable","14":"product-type-simple","swatches":"rey-swatches","show_selected":""},"acf":[],"_links":{"self":[{"href":"https:\/\/oxnchile.cl\/index.php\/wp-json\/wp\/v2\/product\/6445","targetHints":{"allow":["GET"]}}],"collection":[{"href":"https:\/\/oxnchile.cl\/index.php\/wp-json\/wp\/v2\/product"}],"about":[{"href":"https:\/\/oxnchile.cl\/index.php\/wp-json\/wp\/v2\/types\/product"}],"wp:featuredmedia":[{"embeddable":true,"href":"https:\/\/oxnchile.cl\/index.php\/wp-json\/wp\/v2\/media\/7224"}],"wp:attachment":[{"href":"https:\/\/oxnchile.cl\/index.php\/wp-json\/wp\/v2\/media?parent=6445"}],"wp:term":[{"taxonomy":"product_brand","embeddable":true,"href":"https:\/\/oxnchile.cl\/index.php\/wp-json\/wp\/v2\/product_brand?post=6445"},{"taxonomy":"product_cat","embeddable":true,"href":"https:\/\/oxnchile.cl\/index.php\/wp-json\/wp\/v2\/product_cat?post=6445"},{"taxonomy":"product_tag","embeddable":true,"href":"https:\/\/oxnchile.cl\/index.php\/wp-json\/wp\/v2\/product_tag?post=6445"}],"curies":[{"name":"wp","href":"https:\/\/api.w.org\/{rel}","templated":true}]}}