{"id":6491,"date":"2025-03-31T13:35:45","date_gmt":"2025-03-31T16:35:45","guid":{"rendered":"https:\/\/oxnchile.cl\/?post_type=product&#038;p=6491"},"modified":"2026-04-16T08:00:37","modified_gmt":"2026-04-16T12:00:37","slug":"zapato-futbol-veloster-md-2","status":"publish","type":"product","link":"https:\/\/oxnchile.cl\/index.php\/producto\/zapato-futbol-veloster-md-2\/","title":{"rendered":"ZAPATOS DE FUTBOL VELOSTER MD"},"content":{"rendered":"<p>Los Veloster MD son ideales para los jugadores que necesitan un zapato levemente m\u00e1s r\u00edgido, que requiere velocidad en sus movimientos con extra agarre y alta sensibilidad con el bal\u00f3n. Su parte superior est\u00e1 confeccionada con tejido \u201cFlyknit\u201d sellado con una l\u00e1mina de PU transparente para lograr un zapato liviano y a prueba de filtraciones en terrenos h\u00famedos. Y la suela de TPU viene con toperoles fijos para mayor estabilidad y velocidad.<\/p>\n<p>Informaci\u00f3n T\u00e9cnica:<br \/>\n\u2022Capellada: PU<br \/>\n\u2022Plantilla: En EVA y extra\u00edble; facilita la limpieza<br \/>\n\u2022Forro: Tejido \u201cFlyknit\u201d 100% poli\u00e9ster<br \/>\n\u2022Suela: TPU con toperoles fijos<br \/>\n\u2022Origen: China<br \/>\n\u2022Adecuado para: Todo tipo de terreno<\/p>\n","protected":false},"excerpt":{"rendered":"<p style=\"margin: 0px 0px 10px;font-family: Lato, Arial, sans-serif;font-size: 14px;font-style: normal;font-weight: 400;letter-spacing: normal;text-align: start;text-indent: 0px;text-transform: none;white-space: normal\">Los Veloster MD son ideales para los jugadores que necesitan un zapato levemente m\u00e1s r\u00edgido, que requiere velocidad en sus movimientos con extra agarre y alta sensibilidad con el bal\u00f3n. Su parte superior est\u00e1 confeccionada con tejido \u201cFlyknit\u201d sellado con una l\u00e1mina de PU transparente para lograr un zapato liviano y a prueba de filtraciones en terrenos h\u00famedos. Y la suela de TPU viene con toperoles fijos para mayor estabilidad y velocidad.<\/p>\n<p style=\"margin: 0px 0px 10px;font-family: Lato, Arial, sans-serif;font-size: 14px;font-style: normal;font-weight: 400;letter-spacing: normal;text-align: start;text-indent: 0px;text-transform: none;white-space: normal\">&nbsp;<\/p>\n<p style=\"margin: 0px 0px 10px;font-family: Lato, Arial, sans-serif;font-size: 14px;font-style: normal;font-weight: 400;letter-spacing: normal;text-align: start;text-indent: 0px;text-transform: none;white-space: normal\"><strong style=\"font-weight: 700\">Informaci\u00f3n T\u00e9cnica:<\/strong><br \/>\u2022Capellada: PU<br \/>\u2022Plantilla: En EVA y extra\u00edble; facilita la limpieza<br \/>\u2022Forro: Tejido \u201cFlyknit\u201d 100% poli\u00e9ster<br \/>\u2022Suela: TPU con toperoles fijos<br \/>\u2022Origen: China<br \/>\u2022Adecuado para: Todo tipo de terreno<\/p>\n","protected":false},"featured_media":8725,"template":"","meta":{"_acf_changed":false},"product_brand":[],"product_cat":[106,107,109],"product_tag":[],"class_list":{"0":"post-6491","1":"product","2":"type-product","3":"status-publish","4":"has-post-thumbnail","6":"product_cat-calzado","7":"product_cat-adulto","8":"product_cat-futbol","10":"first","11":"instock","12":"sale","13":"shipping-taxable","14":"purchasable","15":"product-type-variable","swatches":"rey-swatches","show_selected":""},"acf":[],"_links":{"self":[{"href":"https:\/\/oxnchile.cl\/index.php\/wp-json\/wp\/v2\/product\/6491","targetHints":{"allow":["GET"]}}],"collection":[{"href":"https:\/\/oxnchile.cl\/index.php\/wp-json\/wp\/v2\/product"}],"about":[{"href":"https:\/\/oxnchile.cl\/index.php\/wp-json\/wp\/v2\/types\/product"}],"wp:featuredmedia":[{"embeddable":true,"href":"https:\/\/oxnchile.cl\/index.php\/wp-json\/wp\/v2\/media\/8725"}],"wp:attachment":[{"href":"https:\/\/oxnchile.cl\/index.php\/wp-json\/wp\/v2\/media?parent=6491"}],"wp:term":[{"taxonomy":"product_brand","embeddable":true,"href":"https:\/\/oxnchile.cl\/index.php\/wp-json\/wp\/v2\/product_brand?post=6491"},{"taxonomy":"product_cat","embeddable":true,"href":"https:\/\/oxnchile.cl\/index.php\/wp-json\/wp\/v2\/product_cat?post=6491"},{"taxonomy":"product_tag","embeddable":true,"href":"https:\/\/oxnchile.cl\/index.php\/wp-json\/wp\/v2\/product_tag?post=6491"}],"curies":[{"name":"wp","href":"https:\/\/api.w.org\/{rel}","templated":true}]}}