{"id":6769,"date":"2025-04-30T10:57:52","date_gmt":"2025-04-30T14:57:52","guid":{"rendered":"https:\/\/oxnchile.cl\/?post_type=product&#038;p=6769"},"modified":"2026-03-25T15:09:35","modified_gmt":"2026-03-25T18:09:35","slug":"zapatos-de-futbol-dynamic-4-pro-junior","status":"publish","type":"product","link":"https:\/\/oxnchile.cl\/index.php\/producto\/zapatos-de-futbol-dynamic-4-pro-junior\/","title":{"rendered":"ZAPATOS DE FUTBOL DYNAMIC 4 PRO JUNIOR"},"content":{"rendered":"<p>ZAPATOS DE FUTBOL DYNAMIC 4 PRO JUNIOR<\/p>\n","protected":false},"excerpt":{"rendered":"<p>Los Dynamic 4 Pro Junior fueron especialmente dise\u00f1ados para jugadores que quieren conseguir un rendimiento excepcional en diferentes tipos de superficies. Con su dise\u00f1o vers\u00e1til y funcional, son ideales para c\u00e9sped natural, sint\u00e9tico y superficies duras. Su parte superior de material sint\u00e9tico con costuras ofrece comodidad durante los juegos, mientras que el forro textil acolchado garantiza control de la humedad,\u00a0 estabilidad y soporte durante los juegos. Finalmente, la suela de PVC viene con toperoles largos, fijos y multidireccionales, asegurando la m\u00e1xima tracci\u00f3n, estabilidad y precisi\u00f3n en la patada.<\/p>\n<p><strong>Informaci\u00f3n T\u00e9cnica:<\/strong><br \/>\u2022Capellada: PU con costuras<br \/>\u2022Plantilla: En EVA y extra\u00edble<br \/>\u2022Forro: Material textil transpirable<br \/>\u2022Ajuste: El\u00e1stico en empeine<br \/>\u2022Suela: PVC con toperoles fijos<br \/>\u2022Adecuado para: Todo tipo de terreno<\/p>\n","protected":false},"featured_media":7522,"template":"","meta":{"_acf_changed":false},"product_brand":[],"product_cat":[106,221,122,120],"product_tag":[],"class_list":{"0":"post-6769","1":"product","2":"type-product","3":"status-publish","4":"has-post-thumbnail","6":"product_cat-calzado","7":"product_cat-dia-del-nino","8":"product_cat-futbol-infantil","9":"product_cat-infantil","11":"first","12":"instock","13":"sale","14":"shipping-taxable","15":"purchasable","16":"product-type-variable","swatches":"rey-swatches","show_selected":""},"acf":[],"_links":{"self":[{"href":"https:\/\/oxnchile.cl\/index.php\/wp-json\/wp\/v2\/product\/6769","targetHints":{"allow":["GET"]}}],"collection":[{"href":"https:\/\/oxnchile.cl\/index.php\/wp-json\/wp\/v2\/product"}],"about":[{"href":"https:\/\/oxnchile.cl\/index.php\/wp-json\/wp\/v2\/types\/product"}],"wp:featuredmedia":[{"embeddable":true,"href":"https:\/\/oxnchile.cl\/index.php\/wp-json\/wp\/v2\/media\/7522"}],"wp:attachment":[{"href":"https:\/\/oxnchile.cl\/index.php\/wp-json\/wp\/v2\/media?parent=6769"}],"wp:term":[{"taxonomy":"product_brand","embeddable":true,"href":"https:\/\/oxnchile.cl\/index.php\/wp-json\/wp\/v2\/product_brand?post=6769"},{"taxonomy":"product_cat","embeddable":true,"href":"https:\/\/oxnchile.cl\/index.php\/wp-json\/wp\/v2\/product_cat?post=6769"},{"taxonomy":"product_tag","embeddable":true,"href":"https:\/\/oxnchile.cl\/index.php\/wp-json\/wp\/v2\/product_tag?post=6769"}],"curies":[{"name":"wp","href":"https:\/\/api.w.org\/{rel}","templated":true}]}}