{"id":6800,"date":"2025-04-30T11:09:00","date_gmt":"2025-04-30T15:09:00","guid":{"rendered":"https:\/\/oxnchile.cl\/?post_type=product&#038;p=6800"},"modified":"2026-04-16T10:33:45","modified_gmt":"2026-04-16T14:33:45","slug":"zapatos-de-futbol-track-3-fit-pro-junior","status":"publish","type":"product","link":"https:\/\/oxnchile.cl\/index.php\/producto\/zapatos-de-futbol-track-3-fit-pro-junior\/","title":{"rendered":"ZAPATOS DE FUTBOL TRACK 3 FIT PRO JUNIOR"},"content":{"rendered":"<p>ZAPATOS DE FUTBOL TRACK 3 FIT PRO JUNIOR<\/p>\n","protected":false},"excerpt":{"rendered":"<p>Los Track 3 Fit Pro Junior, son ideales para jugadores que buscan un zapato de uso diario con dise\u00f1o cl\u00e1sico. Cuentan con una parte superior de material sint\u00e9tico con costuras envolventes y un forro ligeramente acolchado, brindando estabilidad y comodidad. Finalmente, la suela de PVC con toperoles largos, fijos y multidireccionales, asegurando la m\u00e1xima tracci\u00f3n y precisi\u00f3n en la patada.<\/p>\n<p>Informaci\u00f3n t\u00e9cnica<\/p>\n<p>\u2022Capellada: PU con costuras<br \/>\u2022Plantilla: En EVA y extra\u00edble<br \/>\u2022Forro: Material textil transpirable 100% poli\u00e9ster<br \/>\u2022Suela: PVC con toperoles fijos<br \/>\u2022Origen: Brasil<br \/>\u2022Adecuado para: Todo tipo de terreno<\/p>\n","protected":false},"featured_media":7835,"template":"","meta":{"_acf_changed":false},"product_brand":[],"product_cat":[106,221,122,120],"product_tag":[],"class_list":{"0":"post-6800","1":"product","2":"type-product","3":"status-publish","4":"has-post-thumbnail","6":"product_cat-calzado","7":"product_cat-dia-del-nino","8":"product_cat-futbol-infantil","9":"product_cat-infantil","11":"first","12":"instock","13":"sale","14":"shipping-taxable","15":"purchasable","16":"product-type-variable","swatches":"rey-swatches","show_selected":""},"acf":[],"_links":{"self":[{"href":"https:\/\/oxnchile.cl\/index.php\/wp-json\/wp\/v2\/product\/6800","targetHints":{"allow":["GET"]}}],"collection":[{"href":"https:\/\/oxnchile.cl\/index.php\/wp-json\/wp\/v2\/product"}],"about":[{"href":"https:\/\/oxnchile.cl\/index.php\/wp-json\/wp\/v2\/types\/product"}],"wp:featuredmedia":[{"embeddable":true,"href":"https:\/\/oxnchile.cl\/index.php\/wp-json\/wp\/v2\/media\/7835"}],"wp:attachment":[{"href":"https:\/\/oxnchile.cl\/index.php\/wp-json\/wp\/v2\/media?parent=6800"}],"wp:term":[{"taxonomy":"product_brand","embeddable":true,"href":"https:\/\/oxnchile.cl\/index.php\/wp-json\/wp\/v2\/product_brand?post=6800"},{"taxonomy":"product_cat","embeddable":true,"href":"https:\/\/oxnchile.cl\/index.php\/wp-json\/wp\/v2\/product_cat?post=6800"},{"taxonomy":"product_tag","embeddable":true,"href":"https:\/\/oxnchile.cl\/index.php\/wp-json\/wp\/v2\/product_tag?post=6800"}],"curies":[{"name":"wp","href":"https:\/\/api.w.org\/{rel}","templated":true}]}}