{"id":6846,"date":"2025-04-30T11:42:39","date_gmt":"2025-04-30T15:42:39","guid":{"rendered":"https:\/\/oxnchile.cl\/?post_type=product&#038;p=6846"},"modified":"2026-04-21T12:44:00","modified_gmt":"2026-04-21T16:44:00","slug":"zapatos-de-futbol-spartak-5-pro-junior-2","status":"publish","type":"product","link":"https:\/\/oxnchile.cl\/index.php\/producto\/zapatos-de-futbol-spartak-5-pro-junior-2\/","title":{"rendered":"ZAPATOS DE FUTBOL SPARTAK 5 PRO JUNIOR"},"content":{"rendered":"<p>ZAPATOS DE FUTBOL SPARTAK 5 PRO JUNIOR<\/p>\n","protected":false},"excerpt":{"rendered":"<p>Con los Spartak 5 Pro Junior, los jugadores podr\u00e1n dominar el campo con velocidad y resistencia. Adem\u00e1s de su parte superior \u00fanica lisa con una leng\u00fceta extra fina, entregan una m\u00e1xima sensibilidad al contacto con el bal\u00f3n. Finalmente, tienen una suela de PVC con toperoles largos y fijos que garantizan m\u00e1xima tracci\u00f3n, estabilidad y movimientos multidireccionales.<\/p>\n<p><strong>Informaci\u00f3n T\u00e9cnica:<\/strong><br \/>\u2022Capellada: PU<br \/>\u2022Plantilla: En EVA y extra\u00edble<br \/>\u2022Forro: Material textil transpirable 100% poli\u00e9ster<br \/>\u2022Suela: PVC con toperoles fijos<br \/>\u2022Origen: Brasil<br \/>\u2022Adecuado para: Todo tipo de terreno<\/p>\n","protected":false},"featured_media":8352,"template":"","meta":{"_acf_changed":false},"product_brand":[],"product_cat":[106,221,122,120],"product_tag":[],"class_list":{"0":"post-6846","1":"product","2":"type-product","3":"status-publish","4":"has-post-thumbnail","6":"product_cat-calzado","7":"product_cat-dia-del-nino","8":"product_cat-futbol-infantil","9":"product_cat-infantil","11":"first","12":"instock","13":"sale","14":"shipping-taxable","15":"purchasable","16":"product-type-variable","swatches":"rey-swatches","show_selected":""},"acf":[],"_links":{"self":[{"href":"https:\/\/oxnchile.cl\/index.php\/wp-json\/wp\/v2\/product\/6846","targetHints":{"allow":["GET"]}}],"collection":[{"href":"https:\/\/oxnchile.cl\/index.php\/wp-json\/wp\/v2\/product"}],"about":[{"href":"https:\/\/oxnchile.cl\/index.php\/wp-json\/wp\/v2\/types\/product"}],"wp:featuredmedia":[{"embeddable":true,"href":"https:\/\/oxnchile.cl\/index.php\/wp-json\/wp\/v2\/media\/8352"}],"wp:attachment":[{"href":"https:\/\/oxnchile.cl\/index.php\/wp-json\/wp\/v2\/media?parent=6846"}],"wp:term":[{"taxonomy":"product_brand","embeddable":true,"href":"https:\/\/oxnchile.cl\/index.php\/wp-json\/wp\/v2\/product_brand?post=6846"},{"taxonomy":"product_cat","embeddable":true,"href":"https:\/\/oxnchile.cl\/index.php\/wp-json\/wp\/v2\/product_cat?post=6846"},{"taxonomy":"product_tag","embeddable":true,"href":"https:\/\/oxnchile.cl\/index.php\/wp-json\/wp\/v2\/product_tag?post=6846"}],"curies":[{"name":"wp","href":"https:\/\/api.w.org\/{rel}","templated":true}]}}