{"id":6877,"date":"2025-04-30T12:03:22","date_gmt":"2025-04-30T16:03:22","guid":{"rendered":"https:\/\/oxnchile.cl\/?post_type=product&#038;p=6877"},"modified":"2026-04-18T16:34:39","modified_gmt":"2026-04-18T20:34:39","slug":"zapatos-baby-futbol-dynamic-4-pro-junior-2","status":"publish","type":"product","link":"https:\/\/oxnchile.cl\/index.php\/producto\/zapatos-baby-futbol-dynamic-4-pro-junior-2\/","title":{"rendered":"ZAPATOS BABY FUTBOL DYNAMIC 4 PRO JUNIOR"},"content":{"rendered":"<p>ZAPATOS BABY FUTBOL DYNAMIC 4 PRO JUNIOR<\/p>\n","protected":false},"excerpt":{"rendered":"<p>Los Dynamic 4 Pro Junior fueron especialmente dise\u00f1ados para j\u00f3venes jugadores que quieren conseguir el m\u00e1ximo rendimiento en c\u00e9sped artificial. Su parte superior de material sint\u00e9tico con costuras ofrece comodidad durante los juegos, mientras que el forro textil acolchado garantiza control de la humedad, estabilidad y soporte durante los juegos. La leng\u00fceta fina y flexible, junto con el ajuste del cord\u00f3n, permite un ajuste ideal y seguro. Finalmente, la suela de TPR viene con micro toperoles, asegurando la m\u00e1xima tracci\u00f3n, estabilidad y precisi\u00f3n en la patada.<\/p>\n<p><strong>Informaci\u00f3n T\u00e9cnica:<\/strong><br \/>\u2022Capellada: PU con costuras<br \/>\u2022Plantilla: En EVA y extra\u00edble<br \/>\u2022Forro: Material textil transpirable 100% poli\u00e9ster<br \/>\u2022Leng\u00fceta: Neopreno integrada<br \/>\u2022Suela: TPR con micro toperoles<br \/>\u2022Origen: Brasil<br \/>\u2022Adecuado para: Pasto sint\u00e9tico<\/p>\n","protected":false},"featured_media":8563,"template":"","meta":{"_acf_changed":false},"product_brand":[],"product_cat":[106,136,221,120],"product_tag":[],"class_list":{"0":"post-6877","1":"product","2":"type-product","3":"status-publish","4":"has-post-thumbnail","6":"product_cat-calzado","7":"product_cat-baby-futbol-infantil","8":"product_cat-dia-del-nino","9":"product_cat-infantil","11":"first","12":"instock","13":"sale","14":"shipping-taxable","15":"purchasable","16":"product-type-variable","swatches":"rey-swatches","show_selected":""},"acf":[],"_links":{"self":[{"href":"https:\/\/oxnchile.cl\/index.php\/wp-json\/wp\/v2\/product\/6877","targetHints":{"allow":["GET"]}}],"collection":[{"href":"https:\/\/oxnchile.cl\/index.php\/wp-json\/wp\/v2\/product"}],"about":[{"href":"https:\/\/oxnchile.cl\/index.php\/wp-json\/wp\/v2\/types\/product"}],"wp:featuredmedia":[{"embeddable":true,"href":"https:\/\/oxnchile.cl\/index.php\/wp-json\/wp\/v2\/media\/8563"}],"wp:attachment":[{"href":"https:\/\/oxnchile.cl\/index.php\/wp-json\/wp\/v2\/media?parent=6877"}],"wp:term":[{"taxonomy":"product_brand","embeddable":true,"href":"https:\/\/oxnchile.cl\/index.php\/wp-json\/wp\/v2\/product_brand?post=6877"},{"taxonomy":"product_cat","embeddable":true,"href":"https:\/\/oxnchile.cl\/index.php\/wp-json\/wp\/v2\/product_cat?post=6877"},{"taxonomy":"product_tag","embeddable":true,"href":"https:\/\/oxnchile.cl\/index.php\/wp-json\/wp\/v2\/product_tag?post=6877"}],"curies":[{"name":"wp","href":"https:\/\/api.w.org\/{rel}","templated":true}]}}