{"id":6923,"date":"2025-04-30T12:21:10","date_gmt":"2025-04-30T16:21:10","guid":{"rendered":"https:\/\/oxnchile.cl\/?post_type=product&#038;p=6923"},"modified":"2026-04-08T15:25:36","modified_gmt":"2026-04-08T19:25:36","slug":"zapatos-baby-futbol-spartak-5-pro-junior","status":"publish","type":"product","link":"https:\/\/oxnchile.cl\/index.php\/producto\/zapatos-baby-futbol-spartak-5-pro-junior\/","title":{"rendered":"ZAPATOS BABY FUTBOL SPARTAK 5 PRO JUNIOR"},"content":{"rendered":"<p>ZAPATOS BABY FUTBOL SPARTAK 5 PRO JUNIOR<\/p>\n","protected":false},"excerpt":{"rendered":"<p>Con los Spartak 5 Pro Junior, los jugadores podr\u00e1n dominar el campo con velocidad y resistencia. Adem\u00e1s de su parte superior \u00fanica lisa con una leng\u00fceta extra fina, entregan una m\u00e1xima sensibilidad al contacto con el bal\u00f3n. Finalmente, tienen una suela de TPR con micro toperoles que garantizan m\u00e1xima tracci\u00f3n, estabilidad y movimientos multidireccionales.<\/p>\n<p>&nbsp;<\/p>\n<p><strong>Informaci\u00f3n T\u00e9cnica:<\/strong><br \/>\u2022Capellada: PU<br \/>\u2022Plantilla: En EVA y extra\u00edble<br \/>\u2022Forro: Material textil transpirable 100% poli\u00e9ster<br \/>\u2022Suela: TPR con micro toperoles<br \/>\u2022Origen: Brasil<br \/>\u2022Adecuado para: Superficies duras y pasto sint\u00e9tico<\/p>\n","protected":false},"featured_media":7703,"template":"","meta":{"_acf_changed":false},"product_brand":[],"product_cat":[106,136,221,120],"product_tag":[],"class_list":{"0":"post-6923","1":"product","2":"type-product","3":"status-publish","4":"has-post-thumbnail","6":"product_cat-calzado","7":"product_cat-baby-futbol-infantil","8":"product_cat-dia-del-nino","9":"product_cat-infantil","11":"first","12":"instock","13":"sale","14":"shipping-taxable","15":"purchasable","16":"product-type-variable","swatches":"rey-swatches","show_selected":""},"acf":[],"_links":{"self":[{"href":"https:\/\/oxnchile.cl\/index.php\/wp-json\/wp\/v2\/product\/6923","targetHints":{"allow":["GET"]}}],"collection":[{"href":"https:\/\/oxnchile.cl\/index.php\/wp-json\/wp\/v2\/product"}],"about":[{"href":"https:\/\/oxnchile.cl\/index.php\/wp-json\/wp\/v2\/types\/product"}],"wp:featuredmedia":[{"embeddable":true,"href":"https:\/\/oxnchile.cl\/index.php\/wp-json\/wp\/v2\/media\/7703"}],"wp:attachment":[{"href":"https:\/\/oxnchile.cl\/index.php\/wp-json\/wp\/v2\/media?parent=6923"}],"wp:term":[{"taxonomy":"product_brand","embeddable":true,"href":"https:\/\/oxnchile.cl\/index.php\/wp-json\/wp\/v2\/product_brand?post=6923"},{"taxonomy":"product_cat","embeddable":true,"href":"https:\/\/oxnchile.cl\/index.php\/wp-json\/wp\/v2\/product_cat?post=6923"},{"taxonomy":"product_tag","embeddable":true,"href":"https:\/\/oxnchile.cl\/index.php\/wp-json\/wp\/v2\/product_tag?post=6923"}],"curies":[{"name":"wp","href":"https:\/\/api.w.org\/{rel}","templated":true}]}}