{"id":7016,"date":"2025-05-30T15:32:49","date_gmt":"2025-05-30T19:32:49","guid":{"rendered":"https:\/\/oxnchile.cl\/?post_type=product&#038;p=7016"},"modified":"2025-06-18T10:46:59","modified_gmt":"2025-06-18T14:46:59","slug":"zapatos-baby-futbol-spartak-4-junior","status":"publish","type":"product","link":"https:\/\/oxnchile.cl\/index.php\/producto\/zapatos-baby-futbol-spartak-4-junior\/","title":{"rendered":"ZAPATOS BABY FUTBOL SPARTAK 4 JUNIOR"},"content":{"rendered":"","protected":false},"excerpt":{"rendered":"<p style=\"text-align: justify;\">ideal para jugadores j\u00f3venes que buscan agilidad, velocidad y sensibilidad m\u00e1xima para mejor contacto con el bal\u00f3n. Su parte superior sint\u00e9tica texturada, presenta una leng\u00fceta integrada con un calcet\u00edn de neopreno y la suela de PVC viene con micro toperoles fijos para mayor estabilidad.<\/p>\n<p><strong>Informaci\u00f3n t\u00e9cnica<\/strong><\/p>\n<ul>\n<li>Capellada: Material sint\u00e9tico<\/li>\n<li>Plantilla: En EVA y extra\u00edble; facilita la limpieza<\/li>\n<li>Forro: Forro de material textil transpirable<\/li>\n<li>Suela: PVC con micro toperoles fijos que garantizan m\u00e1xima tracci\u00f3n, estabilidad y movimientos multidireccionales<\/li>\n<li>Adecuado para: Superficies duras y pasto sint\u00e9tico<\/li>\n<li>Lengua: Integrada<\/li>\n<li>Origen: Brasil<\/li>\n<li>Ajuste: Cordones<\/li>\n<\/ul>\n","protected":false},"featured_media":7026,"template":"","meta":{"_acf_changed":false},"product_brand":[],"product_cat":[136,106,120,218],"product_tag":[205,154,155,219,210],"class_list":{"0":"post-7016","1":"product","2":"type-product","3":"status-publish","4":"has-post-thumbnail","6":"product_cat-baby-futbol-infantil","7":"product_cat-calzado","8":"product_cat-infantil","9":"product_cat-sale","10":"product_tag-baby-futbol","11":"product_tag-futbol","12":"product_tag-infantil","13":"product_tag-nino","14":"product_tag-zapatos-futbol","16":"first","17":"instock","18":"sale","19":"shipping-taxable","20":"purchasable","21":"product-type-variable","22":"has-default-attributes","swatches":"rey-swatches","show_selected":""},"acf":[],"_links":{"self":[{"href":"https:\/\/oxnchile.cl\/index.php\/wp-json\/wp\/v2\/product\/7016","targetHints":{"allow":["GET"]}}],"collection":[{"href":"https:\/\/oxnchile.cl\/index.php\/wp-json\/wp\/v2\/product"}],"about":[{"href":"https:\/\/oxnchile.cl\/index.php\/wp-json\/wp\/v2\/types\/product"}],"wp:featuredmedia":[{"embeddable":true,"href":"https:\/\/oxnchile.cl\/index.php\/wp-json\/wp\/v2\/media\/7026"}],"wp:attachment":[{"href":"https:\/\/oxnchile.cl\/index.php\/wp-json\/wp\/v2\/media?parent=7016"}],"wp:term":[{"taxonomy":"product_brand","embeddable":true,"href":"https:\/\/oxnchile.cl\/index.php\/wp-json\/wp\/v2\/product_brand?post=7016"},{"taxonomy":"product_cat","embeddable":true,"href":"https:\/\/oxnchile.cl\/index.php\/wp-json\/wp\/v2\/product_cat?post=7016"},{"taxonomy":"product_tag","embeddable":true,"href":"https:\/\/oxnchile.cl\/index.php\/wp-json\/wp\/v2\/product_tag?post=7016"}],"curies":[{"name":"wp","href":"https:\/\/api.w.org\/{rel}","templated":true}]}}