{"id":7059,"date":"2025-05-30T16:03:37","date_gmt":"2025-05-30T20:03:37","guid":{"rendered":"https:\/\/oxnchile.cl\/?post_type=product&#038;p=7059"},"modified":"2026-04-09T18:20:16","modified_gmt":"2026-04-09T22:20:16","slug":"zapatos-de-futbol-genio-3","status":"publish","type":"product","link":"https:\/\/oxnchile.cl\/index.php\/producto\/zapatos-de-futbol-genio-3\/","title":{"rendered":"ZAPATOS DE FUTBOL GENIO 3"},"content":{"rendered":"<p>Descubre el zapato de f\u00fatbol Genio 3 de OXN, el zapato que brinda resistencia, sensibilidad m\u00e1xima, velocidad y agilidad durante los partidos en el campo. Tiene una parte superior sint\u00e9tica texturada, un forro textil acolchado y una suela de PVC con toperoles fijos y circulares que garantizan m\u00e1xima tracci\u00f3n, estabilidad y movimientos multidireccionales.<\/p>\n<p>Informaci\u00f3n T\u00e9cnica:<br \/>\n\u2022Capellada: PU texturado<br \/>\n\u2022Plantilla: En EVA y extra\u00edble<br \/>\n\u2022Forro: Material textil transpirable 100% poli\u00e9ster<br \/>\n\u2022Suela: PVC con toperoles fijos<br \/>\n\u2022Origen: Brasil<br \/>\n\u2022Adecuado para: Todo tipo de terreno<\/p>\n","protected":false},"excerpt":{"rendered":"<p>Descubre el zapato de f\u00fatbol Genio 3 de OXN, el zapato que brinda resistencia, sensibilidad m\u00e1xima, velocidad y agilidad durante los partidos en el campo. Tiene una parte superior sint\u00e9tica texturada, un forro textil acolchado y una suela de PVC con toperoles fijos y circulares que garantizan m\u00e1xima tracci\u00f3n, estabilidad y movimientos multidireccionales.<\/p>\n<p>Informaci\u00f3n T\u00e9cnica:<br \/>\u2022Capellada: PU texturado<br \/>\u2022Plantilla: En EVA y extra\u00edble<br \/>\u2022Forro: Material textil transpirable 100% poli\u00e9ster<br \/>\u2022Suela: PVC con toperoles fijos<br \/>\u2022Origen: Brasil<br \/>\u2022Adecuado para: Todo tipo de terreno<\/p>\n","protected":false},"featured_media":8876,"template":"","meta":{"_acf_changed":false},"product_brand":[],"product_cat":[107,106,109],"product_tag":[],"class_list":{"0":"post-7059","1":"product","2":"type-product","3":"status-publish","4":"has-post-thumbnail","6":"product_cat-adulto","7":"product_cat-calzado","8":"product_cat-futbol","10":"first","11":"instock","12":"sale","13":"shipping-taxable","14":"purchasable","15":"product-type-variable","16":"has-default-attributes","swatches":"rey-swatches","show_selected":""},"acf":[],"_links":{"self":[{"href":"https:\/\/oxnchile.cl\/index.php\/wp-json\/wp\/v2\/product\/7059","targetHints":{"allow":["GET"]}}],"collection":[{"href":"https:\/\/oxnchile.cl\/index.php\/wp-json\/wp\/v2\/product"}],"about":[{"href":"https:\/\/oxnchile.cl\/index.php\/wp-json\/wp\/v2\/types\/product"}],"wp:featuredmedia":[{"embeddable":true,"href":"https:\/\/oxnchile.cl\/index.php\/wp-json\/wp\/v2\/media\/8876"}],"wp:attachment":[{"href":"https:\/\/oxnchile.cl\/index.php\/wp-json\/wp\/v2\/media?parent=7059"}],"wp:term":[{"taxonomy":"product_brand","embeddable":true,"href":"https:\/\/oxnchile.cl\/index.php\/wp-json\/wp\/v2\/product_brand?post=7059"},{"taxonomy":"product_cat","embeddable":true,"href":"https:\/\/oxnchile.cl\/index.php\/wp-json\/wp\/v2\/product_cat?post=7059"},{"taxonomy":"product_tag","embeddable":true,"href":"https:\/\/oxnchile.cl\/index.php\/wp-json\/wp\/v2\/product_tag?post=7059"}],"curies":[{"name":"wp","href":"https:\/\/api.w.org\/{rel}","templated":true}]}}