{"id":7073,"date":"2025-05-30T16:12:42","date_gmt":"2025-05-30T20:12:42","guid":{"rendered":"https:\/\/oxnchile.cl\/?post_type=product&#038;p=7073"},"modified":"2026-03-28T11:37:50","modified_gmt":"2026-03-28T14:37:50","slug":"zapatos-de-futbol-express","status":"publish","type":"product","link":"https:\/\/oxnchile.cl\/index.php\/producto\/zapatos-de-futbol-express\/","title":{"rendered":"ZAPATOS DE FUTBOL EXPRESS"},"content":{"rendered":"<p>Son ideales para jugadores j\u00f3venes que buscan un zapato de uso diario. Con un dise\u00f1o cl\u00e1sico. Cuentan con una parte superior hecha con material sint\u00e9tico con costuras envolventes y tienen un forro interior ligeramente acolchado, brindando mayor estabilidad y comodidad. Tiene una plantilla fabricada en EVA que se puede quitar, lo que facilita la limpieza. Finalmente, la suela de PVC viene con toperoles largos, fijos y multidireccionales, asegurando la m\u00e1xima tracci\u00f3n y precisi\u00f3n en las patadas.<br \/>\nnInformaci\u00f3n t\u00e9cnica<br \/>\nn<br \/>\nn Capellada: Material sint\u00e9tico, acolchado con costuras.<br \/>\nn Plantilla: En EVA y extra\u00edble; facilita la limpieza.<br \/>\nn Forro: Forro de material textil transpirable.<br \/>\nn Suela: PVC con toperoles fijos que garantizan m\u00e1xima tracci\u00f3n, estabilidad y movimientos multidireccionales.<br \/>\nn Adecuado para: Todo tipo de terreno.<br \/>\nn Lengua: Integrada.<br \/>\nn Origen: Brasil.<br \/>\nn Ajuste: Cordones.<br \/>\nn<\/p>\n","protected":false},"excerpt":{"rendered":"<p style=\"text-align: justify\">Son ideales para jugadores j\u00f3venes que buscan un zapato de uso diario. Con un dise\u00f1o cl\u00e1sico. Cuentan con una parte superior hecha con material sint\u00e9tico con costuras envolventes y tienen un forro interior ligeramente acolchado, brindando mayor estabilidad y comodidad. Tiene una plantilla fabricada en EVA que se puede quitar, lo que facilita la limpieza. Finalmente, la suela de PVC viene con toperoles largos, fijos y multidireccionales, asegurando la m\u00e1xima tracci\u00f3n y precisi\u00f3n en las patadas.<\/p>\n<p><\/p>\n<p><strong>Informaci\u00f3n t\u00e9cnica<\/strong><\/p>\n<ul>\n<li>Capellada: Material sint\u00e9tico, acolchado con costuras.<\/li>\n<li>Plantilla: En EVA y extra\u00edble; facilita la limpieza.<\/li>\n<li>Forro: Forro de material textil transpirable.<\/li>\n<li>Suela: PVC con toperoles fijos que garantizan m\u00e1xima tracci\u00f3n, estabilidad y movimientos multidireccionales.<\/li>\n<li>Adecuado para: Todo tipo de terreno.<\/li>\n<li>Lengua: Integrada.<\/li>\n<li>Origen: Brasil.<\/li>\n<li>Ajuste: Cordones.<\/li>\n<\/ul>\n","protected":false},"featured_media":8851,"template":"","meta":{"_acf_changed":false},"product_brand":[],"product_cat":[107,106,109],"product_tag":[],"class_list":{"0":"post-7073","1":"product","2":"type-product","3":"status-publish","4":"has-post-thumbnail","6":"product_cat-adulto","7":"product_cat-calzado","8":"product_cat-futbol","10":"first","11":"instock","12":"sale","13":"shipping-taxable","14":"purchasable","15":"product-type-variable","swatches":"rey-swatches","show_selected":""},"acf":[],"_links":{"self":[{"href":"https:\/\/oxnchile.cl\/index.php\/wp-json\/wp\/v2\/product\/7073","targetHints":{"allow":["GET"]}}],"collection":[{"href":"https:\/\/oxnchile.cl\/index.php\/wp-json\/wp\/v2\/product"}],"about":[{"href":"https:\/\/oxnchile.cl\/index.php\/wp-json\/wp\/v2\/types\/product"}],"wp:featuredmedia":[{"embeddable":true,"href":"https:\/\/oxnchile.cl\/index.php\/wp-json\/wp\/v2\/media\/8851"}],"wp:attachment":[{"href":"https:\/\/oxnchile.cl\/index.php\/wp-json\/wp\/v2\/media?parent=7073"}],"wp:term":[{"taxonomy":"product_brand","embeddable":true,"href":"https:\/\/oxnchile.cl\/index.php\/wp-json\/wp\/v2\/product_brand?post=7073"},{"taxonomy":"product_cat","embeddable":true,"href":"https:\/\/oxnchile.cl\/index.php\/wp-json\/wp\/v2\/product_cat?post=7073"},{"taxonomy":"product_tag","embeddable":true,"href":"https:\/\/oxnchile.cl\/index.php\/wp-json\/wp\/v2\/product_tag?post=7073"}],"curies":[{"name":"wp","href":"https:\/\/api.w.org\/{rel}","templated":true}]}}