{"id":8748,"date":"2025-08-14T15:50:30","date_gmt":"2025-08-14T19:50:30","guid":{"rendered":"https:\/\/oxnchile.cl\/index.php\/producto\/calcetines-antideslizantes-3\/"},"modified":"2026-03-25T15:18:47","modified_gmt":"2026-03-25T18:18:47","slug":"calcetines-antideslizantes-3","status":"publish","type":"product","link":"https:\/\/oxnchile.cl\/index.php\/producto\/calcetines-antideslizantes-3\/","title":{"rendered":"CALCETINES ANTIDESLIZANTES"},"content":{"rendered":"<p>Comodidad y excelente adherencia al zapato es lo que tendr\u00e1s con tus calcetines anti deslizantes OXN. Con punteras y talones acolchados, construcci\u00f3n sin costuras, tratamiento anti bacterial y tecnolog\u00eda de secado r\u00e1pido que mantiene tus pies secos; te entregan otro nivel de confort. Obt\u00e9n m\u00e1s precisi\u00f3n en tus movimientos y dominio del bal\u00f3n con este complemento infaltable para el juego.<\/p>\n<p>Detalle t\u00e9cnico<\/p>\n<p>95% Poli\u00e9ster<br \/>\n5% Spandex<br \/>\nPuntera y talo\u0301n acolchado<br \/>\nTejido con tratamiento antibacterial<br \/>\nPlanta antideslizante<\/p>\n","protected":false},"excerpt":{"rendered":"<p>Comodidad y excelente adherencia al zapato es lo que tendra\u0301s con tus calcetines anti deslizantes OXN. Con punteras y talones acolchados, construccio\u0301n sin costuras, tratamiento anti bacterial y tecnologi\u0301a de secado ra\u0301pido que mantiene tus pies secos; te entregan otro nivel de confort. Obte\u0301n ma\u0301s precisio\u0301n en tus movimientos y dominio del balo\u0301n con este complemento infaltable para el juego.<\/p>\n<p>Informacio\u0301n Te\u0301cnica:<\/p>\n<p>\u2022 Composicio\u0301n: 95% polie\u0301ster, 5% elastano<br \/>\u2022 Puntera y talo\u0301n acolchado<br \/>\u2022 Tejido con tratamiento antibacterial<br \/>\u2022 Planta antideslizante<br \/>\u2022 Tecnologi\u0301a de secado ra\u0301pido que evapora la humedad<\/p>\n","protected":false},"featured_media":8745,"template":"","meta":{"_acf_changed":false},"product_brand":[],"product_cat":[157],"product_tag":[],"class_list":{"0":"post-8748","1":"product","2":"type-product","3":"status-publish","4":"has-post-thumbnail","6":"product_cat-calcetines","8":"first","9":"instock","10":"sale","11":"shipping-taxable","12":"purchasable","13":"product-type-simple","swatches":"rey-swatches","show_selected":""},"acf":[],"_links":{"self":[{"href":"https:\/\/oxnchile.cl\/index.php\/wp-json\/wp\/v2\/product\/8748","targetHints":{"allow":["GET"]}}],"collection":[{"href":"https:\/\/oxnchile.cl\/index.php\/wp-json\/wp\/v2\/product"}],"about":[{"href":"https:\/\/oxnchile.cl\/index.php\/wp-json\/wp\/v2\/types\/product"}],"wp:featuredmedia":[{"embeddable":true,"href":"https:\/\/oxnchile.cl\/index.php\/wp-json\/wp\/v2\/media\/8745"}],"wp:attachment":[{"href":"https:\/\/oxnchile.cl\/index.php\/wp-json\/wp\/v2\/media?parent=8748"}],"wp:term":[{"taxonomy":"product_brand","embeddable":true,"href":"https:\/\/oxnchile.cl\/index.php\/wp-json\/wp\/v2\/product_brand?post=8748"},{"taxonomy":"product_cat","embeddable":true,"href":"https:\/\/oxnchile.cl\/index.php\/wp-json\/wp\/v2\/product_cat?post=8748"},{"taxonomy":"product_tag","embeddable":true,"href":"https:\/\/oxnchile.cl\/index.php\/wp-json\/wp\/v2\/product_tag?post=8748"}],"curies":[{"name":"wp","href":"https:\/\/api.w.org\/{rel}","templated":true}]}}